{"id":4534,"date":"2021-03-28T19:35:17","date_gmt":"2021-03-28T17:35:17","guid":{"rendered":"https:\/\/staging.avixi.be\/?page_id=4534"},"modified":"2021-03-30T09:38:42","modified_gmt":"2021-03-30T07:38:42","slug":"guichet-dentreprise","status":"publish","type":"page","link":"https:\/\/avixi.be\/fr\/devenir-independant\/formalites-administratives\/guichet-dentreprise\/","title":{"rendered":"Guichet d&rsquo;entreprises"},"content":{"rendered":"<div class=\"fusion-fullwidth fullwidth-box fusion-builder-row-1 fusion-flex-container nonhundred-percent-fullwidth non-hundred-percent-height-scrolling\" style=\"--awb-border-radius-top-left:0px;--awb-border-radius-top-right:0px;--awb-border-radius-bottom-right:0px;--awb-border-radius-bottom-left:0px;--awb-flex-wrap:wrap;\" ><div class=\"fusion-builder-row fusion-row fusion-flex-align-items-flex-start fusion-flex-content-wrap\" style=\"max-width:1560px;margin-left: calc(-4% \/ 2 );margin-right: calc(-4% \/ 2 );\"><div class=\"fusion-layout-column fusion_builder_column fusion-builder-column-0 fusion_builder_column_3_4 3_4 fusion-flex-column\" style=\"--awb-bg-size:cover;--awb-width-large:75%;--awb-margin-top-large:0px;--awb-spacing-right-large:2.56%;--awb-margin-bottom-large:20px;--awb-spacing-left-large:2.56%;--awb-width-medium:75%;--awb-order-medium:0;--awb-spacing-right-medium:2.56%;--awb-spacing-left-medium:2.56%;--awb-width-small:100%;--awb-order-small:0;--awb-spacing-right-small:1.92%;--awb-spacing-left-small:1.92%;\"><div class=\"fusion-column-wrapper fusion-column-has-shadow fusion-flex-justify-content-flex-start fusion-content-layout-column\"><nav class=\"fusion-breadcrumbs fusion-breadcrumbs-1\" style=\"--awb-breadcrumb-sep:&#039;\/&#039;;\" aria-label=\"Breadcrumb\"><ol class=\"awb-breadcrumb-list\"><li class=\"fusion-breadcrumb-item awb-breadcrumb-sep awb-home\" ><a href=\"https:\/\/avixi.be\/fr\/\" class=\"fusion-breadcrumb-link\"><span >Home<\/span><\/a><\/li><\/ol><\/nav><div class=\"fusion-text fusion-text-1\"><h1 class=\"fusion-responsive-typography-calculated\" style=\"--fontsize: 36; line-height: 1.16;\" data-fontsize=\"36\" data-lineheight=\"41.76px\">Guichet d&rsquo;entreprises<\/h1>\n<hr \/>\n<h2 class=\"fusion-responsive-typography-calculated\" style=\"--fontsize: 28; line-height: 1.2;\" data-fontsize=\"28\" data-lineheight=\"33.6px\">Qu&rsquo;est-ce qu&rsquo;un guichet d&rsquo;entreprises?<\/h2>\n<p>Tout ind\u00e9pendant (commer\u00e7ant, artisan, titulaire d\u2019une profession lib\u00e9rale, agriculteur ou ind\u00e9pendant du secteur non marchand) peut et doit s\u2019adresser \u00e0 un guichet d\u2019entreprises pour l\u2019accomplissement de toutes les formalit\u00e9s administratives.<\/p>\n<p>Vous devez donc passer par le guichet d\u2019entreprises pour demander votre num\u00e9ro d\u2019entreprise, r\u00e9gler toute inscription, modification de l\u2019inscription ou radiation \u00e0 la Banque-Carrefour des Entreprises, demander une carte de commer\u00e7ant ambulant ou de forain, etc.<\/p>\n<p>Vous pouvez \u00e9galement vous adresser au guichet d\u2019entreprises pour l\u2019identification \u00e0 la TVA, la modification et la radiation d\u2019un num\u00e9ro de TVA, pour la demande de toutes sortes d\u2019autorisations, le d\u00e9p\u00f4t d\u2019actes aupr\u00e8s du tribunal de commerce, la v\u00e9rification des connaissances de gestion de base et des capacit\u00e9s entrepreneuriales, toutes sortes de conseils, etc.<\/p>\n<p>Eunomia Guichet d\u2019entreprises est le guichet d\u2019entreprises d\u2019avixi et l\u2019un des 9 guichets d\u2019entreprises agr\u00e9\u00e9s en Belgique.<\/p>\n<p>\u00c9tant donn\u00e9 que le d\u00e9marrage doit parfois \u00eatre rapide, Eunomia a fait en sorte que vous puissiez obtenir chez nous votre num\u00e9ro d\u2019entreprise d\u00e8s que votre dossier est en ordre. Vous pouvez ainsi d\u00e9marrer en utilisant notre outil en ligne. Avec cet outil, vous n\u2019avez m\u00eame pas besoin de venir \u00e0 notre bureau, vous pouvez r\u00e9gler tous les d\u00e9tails de votre d\u00e9marrage depuis votre domicile.<\/p>\n<p>En tant qu\u2019ind\u00e9pendant, vous devez veiller \u00e0 ce que toutes les donn\u00e9es de votre entreprise soient correctement reprises dans la BCE. Cela signifie qu\u2019en cas de changement d\u2019adresse ou d\u2019activit\u00e9, d\u2019ouverture d\u2019un nouvel \u00e9tablissement, de cessation de votre activit\u00e9, etc., vous devez communiquer les adaptations \u00e0 faire dans la BCE. Et vous le ferez via un guichet d\u2019entreprises.<\/p>\n<p>Vous trouverez <a href=\"https:\/\/economie.fgov.be\/fr\/themes\/entreprises\/banque-carrefour-des\/services-pour-tous\/banque-carrefour-des-0\">ici<\/a> les donn\u00e9es vous concernant dont disposent les autorit\u00e9s publiques.<\/p>\n<h2>Vous avez des questions sur les lignes directrices et les dispositions l\u00e9gales applicables \u00e0 votre secteur et \u00e0 vos activit\u00e9s?<\/h2>\n<p>Le SPF \u00c9conomie a cr\u00e9\u00e9 sur son site web une plate-forme GUIDANCE contenant une multitude de lignes directrices. Le but de ces lignes directrices est de donner des conseils aux entreprises et de veiller \u00e0 ce que leurs pratiques soient conformes \u00e0 la loi. Elles sont vari\u00e9es et ont par exemple trait \u00e0 la garantie l\u00e9gale, aux r\u00e9ductions de prix, ou elles sont ax\u00e9es sur des secteurs sp\u00e9cifiques (bijouteries, travaux de r\u00e9novation, etc.). Ces <a href=\"https:\/\/economie.fgov.be\/fr\/themes\/entreprises\/guidance\" target=\"_blank\" rel=\"noopener\">lignes directrices<\/a> \u00e9voluent constamment et sont donc r\u00e9guli\u00e8rement mises \u00e0 jour.<\/p>\n<p>Nos gestionnaires Eunomia se tiennent \u00e0 votre disposition:<\/p>\n<p><a href=\"mailto:OLbrugge@avixi.be\">OLbrugge@avixi.be<\/a> ou 050\/40 65 65<u><br \/>\n<\/u><a href=\"mailto:OLmechelen@avixi.be\">OLmechelen@avixi.be<\/a> ou 015\/45 12 54<\/p>\n<h2>Vous \u00eates un comptable\/expert-comptable<\/h2>\n<p>Notre guichet d\u2019entreprises ind\u00e9pendant agr\u00e9\u00e9 Eunomia est l\u2019un des guichets d\u2019entreprises les plus accessibles.<\/p>\n<p>Vous pouvez, comme vos clients, vous rendre donc facilement dans nos bureaux.<\/p>\n<p>Et pour ceux qui ne peuvent pas se rendre dans nos bureaux, nous les aidons volontiers par e-mail ou par courrier. En tant que comptable, vous avez en outre la possibilit\u00e9 de tout r\u00e9gler depuis votre propre bureau gr\u00e2ce \u00e0 notre programme tr\u00e8s accessible.<\/p>\n<p>Ce programme est une application web, vous ne devez donc rien installer sur votre ordinateur. Vous avez juste besoin d\u2019un code d\u2019acc\u00e8s. Envoyez-nous un message et nous vous fournirons votre code d\u2019acc\u00e8s.<\/p>\n<p>Nos gestionnaires vous fourniront volontiers plus d\u2019informations.\u00a0Notre \u00e9quipe Eunomia se tient en outre \u00e0 votre disposition pour vous aider lors de l\u2019introduction de vos dossiers et r\u00e9pondre aux questions que vous pourriez avoir \u00e0 ce sujet.<\/p>\n<p>Si vous souhaitez une d\u00e9monstration de notre programme, sans engagement, notre d\u00e9l\u00e9gu\u00e9 se fera un plaisir de vous rendre visite. Appelez-nous ou envoyez-nous un courriel.<\/p>\n<p>N\u2019h\u00e9sitez pas non plus \u00e0 consulter le site web d\u2019<a href=\"http:\/\/www.eunomia.be\/fr\/\" target=\"_blank\" rel=\"noopener\">Eunomia<\/a>.<u><\/u><\/p>\n<\/div><\/div><\/div><div class=\"fusion-layout-column fusion_builder_column fusion-builder-column-1 fusion_builder_column_1_4 1_4 fusion-flex-column\" style=\"--awb-bg-size:cover;--awb-width-large:25%;--awb-margin-top-large:0px;--awb-spacing-right-large:7.68%;--awb-margin-bottom-large:20px;--awb-spacing-left-large:7.68%;--awb-width-medium:25%;--awb-order-medium:0;--awb-spacing-right-medium:7.68%;--awb-spacing-left-medium:7.68%;--awb-width-small:100%;--awb-order-small:0;--awb-spacing-right-small:1.92%;--awb-spacing-left-small:1.92%;\"><div class=\"fusion-column-wrapper fusion-column-has-shadow fusion-flex-justify-content-flex-start fusion-content-layout-column\"><div class=\"fusion-image-element \" style=\"--awb-caption-title-font-family:var(--h2_typography-font-family);--awb-caption-title-font-weight:var(--h2_typography-font-weight);--awb-caption-title-font-style:var(--h2_typography-font-style);--awb-caption-title-size:var(--h2_typography-font-size);--awb-caption-title-transform:var(--h2_typography-text-transform);--awb-caption-title-line-height:var(--h2_typography-line-height);--awb-caption-title-letter-spacing:var(--h2_typography-letter-spacing);\"><span class=\" fusion-imageframe imageframe-none imageframe-1 hover-type-none\"><img loading=\"lazy\" decoding=\"async\" width=\"960\" height=\"640\" title=\"avaxi-6\" src=\"https:\/\/avixi.be\/wp-content\/uploads\/2021\/03\/avaxi-6-960x640.jpg\" alt class=\"img-responsive wp-image-4863\" srcset=\"https:\/\/avixi.be\/wp-content\/uploads\/2021\/03\/avaxi-6-200x133.jpg 200w, https:\/\/avixi.be\/wp-content\/uploads\/2021\/03\/avaxi-6-400x267.jpg 400w, https:\/\/avixi.be\/wp-content\/uploads\/2021\/03\/avaxi-6-600x400.jpg 600w, https:\/\/avixi.be\/wp-content\/uploads\/2021\/03\/avaxi-6-800x533.jpg 800w, https:\/\/avixi.be\/wp-content\/uploads\/2021\/03\/avaxi-6-1200x800.jpg 1200w, https:\/\/avixi.be\/wp-content\/uploads\/2021\/03\/avaxi-6.jpg 1920w\" sizes=\"auto, (max-width: 640px) 100vw, 400px\" \/><\/span><\/div><div class=\"fusion-separator fusion-full-width-sep\" style=\"align-self: center;margin-left: auto;margin-right: auto;margin-top:2rem;width:100%;\"><div class=\"fusion-separator-border sep-single\" style=\"--awb-height:20px;--awb-amount:20px;border-color:#def0f4;border-top-width:0px;\"><\/div><\/div><div class=\"fusion-text fusion-text-2\"><h3>D\u00e9marrer comme ind\u00e9pendant?<\/h3>\n<p>D\u00e9marrez votre activit\u00e9 en ligne avec le tool avixi.<\/p>\n<\/div><div ><a class=\"fusion-button button-flat fusion-button-default-size button-default fusion-button-default button-1 fusion-button-default-span fusion-button-default-type\" target=\"_blank\" rel=\"noopener noreferrer\" href=\"https:\/\/avixi.be\/fr\/devenir-independant\/affiliations-obligatoires\/demarrer-son-activite-en-ligne\/\"><span class=\"fusion-button-text awb-button__text awb-button__text--default\">D\u00e9marre<\/span><i class=\"fa-angle-right fas awb-button__icon awb-button__icon--default button-icon-right\" aria-hidden=\"true\"><\/i><\/a><\/div><div class=\"fusion-separator fusion-full-width-sep\" style=\"align-self: center;margin-left: auto;margin-right: auto;margin-top:2rem;width:100%;\"><div class=\"fusion-separator-border sep-single\" style=\"--awb-height:20px;--awb-amount:20px;border-color:#def0f4;border-top-width:0px;\"><\/div><\/div><div class=\"fusion-text fusion-text-3\"><h3>Documents<\/h3>\n<ul>\n<li><a href=\"https:\/\/avixi.be\/wp-content\/uploads\/2026\/01\/Demande-dinscription-reprise-a-la-BCE-07012026-invulbaar-003.pdf\" target=\"_blank\" rel=\"noopener\">demande d\u2019inscription-reprise a la BCE<\/a><\/li>\n<li><a href=\"https:\/\/avixi.be\/wp-content\/uploads\/2021\/03\/demande-activite-ambulante-25072024.pdf\" target=\"_blank\" rel=\"noopener\">demande activit\u00e9 ambulante<\/a><\/li>\n<li><a href=\"https:\/\/avixi.be\/wp-content\/uploads\/2021\/03\/demande-foraines-25072024.pdf\" target=\"_blank\" rel=\"noopener\">demande foraines<\/a><\/li>\n<li><a href=\"https:\/\/avixi.be\/wp-content\/uploads\/2021\/03\/tarifs-eunomia-2026.pdf\" target=\"_blank\" rel=\"noopener\">tarifs eunomia<\/a><\/li>\n<\/ul>\n<\/div><div class=\"fusion-separator fusion-full-width-sep\" style=\"align-self: center;margin-left: auto;margin-right: auto;margin-top:2rem;width:100%;\"><div class=\"fusion-separator-border sep-single\" style=\"--awb-height:20px;--awb-amount:20px;border-color:#def0f4;border-top-width:0px;\"><\/div><\/div><div class=\"fusion-text fusion-text-4\"><h3>Contactez notre guichet d\u2019entreprises<\/h3>\n<ul>\n<li><a href=\"eunomia.bruxelles@avixi.be\">Guichet d&rsquo;entreprises Bruxelles<\/a><\/li>\n<li><a href=\"mailto:OLmechelen@avixi.be\" target=\"_blank\" rel=\"noopener\">Guichet d\u2019entreprises Mechelen<\/a><\/li>\n<li><a href=\"mailto:OLbrugge@avixi.be\" target=\"_blank\" rel=\"noopener\">Guichet d\u2019entreprises Brugge<\/a><\/li>\n<\/ul>\n<\/div><div class=\"fusion-separator fusion-full-width-sep\" style=\"align-self: center;margin-left: auto;margin-right: auto;margin-top:2rem;width:100%;\"><div class=\"fusion-separator-border sep-single\" style=\"--awb-height:20px;--awb-amount:20px;border-color:#def0f4;border-top-width:0px;\"><\/div><\/div><div class=\"fusion-reading-box-container reading-box-container-1\" style=\"--awb-title-color:#002f47;--awb-margin-top:0px;--awb-margin-bottom:20px;\"><div class=\"reading-box\" style=\"background-color:#def2f2;border-width:0px;border-color:#f6f6f6;border-right-width:3px;border-right-color:var(--primary_color);border-style:solid;\"><a class=\"button fusion-button button-default fusion-button-default-size button-default-size button-flat fusion-desktop-button fusion-tagline-button continue fusion-desktop-button-margin continue-right\" style=\"-webkit-box-shadow:none;-moz-box-shadow:none;box-shadow:none;border-radius:50px 50px 50px 50px\" href=\"https:\/\/avixi.be\/fr\/contact\/\" target=\"_blank\" rel=\"noopener noreferrer\"><span>Contact<\/span><\/a><h2>Des questions?<\/h2><div class=\"reading-box-additional fusion-reading-box-additional\">\n<p>Prennez contact avec votre gestionnaire de relation client:<\/p>\n<p>Mechelen sur <strong>015 45 12 60<br \/><\/strong>Brugge sur <strong>050 40 65 65<br \/><\/strong>Hasselt sur <strong>011 22 27 46&nbsp; &nbsp; &nbsp; <\/strong>Bruxelles sur&nbsp;<strong>02 743 05 10<\/strong><\/p>\n<p>ou envoyez un e-mail \u00e0 <a href=\"mailto:info@avixi.be\">info@avixi.be<\/a>.<\/p>\n<\/div><div class=\"fusion-clearfix\"><\/div><a class=\"button fusion-button button-default fusion-button-default-size button-default-size button-flat fusion-mobile-button continue-right\" style=\"-webkit-box-shadow:none;-moz-box-shadow:none;box-shadow:none;border-radius:50px 50px 50px 50px\" href=\"https:\/\/avixi.be\/fr\/contact\/\" target=\"_blank\" rel=\"noopener noreferrer\"><span>Contact<\/span><\/a><\/div><\/div><\/div><\/div>\n<\/div><\/div>\n","protected":false},"excerpt":{"rendered":"","protected":false},"author":5,"featured_media":0,"parent":3906,"menu_order":6,"comment_status":"closed","ping_status":"closed","template":"","meta":{"_acf_changed":false,"footnotes":""},"class_list":["post-4534","page","type-page","status-publish","hentry"],"acf":[],"_links":{"self":[{"href":"https:\/\/avixi.be\/fr\/wp-json\/wp\/v2\/pages\/4534","targetHints":{"allow":["GET"]}}],"collection":[{"href":"https:\/\/avixi.be\/fr\/wp-json\/wp\/v2\/pages"}],"about":[{"href":"https:\/\/avixi.be\/fr\/wp-json\/wp\/v2\/types\/page"}],"author":[{"embeddable":true,"href":"https:\/\/avixi.be\/fr\/wp-json\/wp\/v2\/users\/5"}],"replies":[{"embeddable":true,"href":"https:\/\/avixi.be\/fr\/wp-json\/wp\/v2\/comments?post=4534"}],"version-history":[{"count":12,"href":"https:\/\/avixi.be\/fr\/wp-json\/wp\/v2\/pages\/4534\/revisions"}],"predecessor-version":[{"id":4899,"href":"https:\/\/avixi.be\/fr\/wp-json\/wp\/v2\/pages\/4534\/revisions\/4899"}],"up":[{"embeddable":true,"href":"https:\/\/avixi.be\/fr\/wp-json\/wp\/v2\/pages\/3906"}],"wp:attachment":[{"href":"https:\/\/avixi.be\/fr\/wp-json\/wp\/v2\/media?parent=4534"}],"curies":[{"name":"wp","href":"https:\/\/api.w.org\/{rel}","templated":true}]}}