{"id":4046,"date":"2021-03-15T11:01:58","date_gmt":"2021-03-15T10:01:58","guid":{"rendered":"https:\/\/staging.avixi.be\/?page_id=4046"},"modified":"2024-12-12T15:03:19","modified_gmt":"2024-12-12T14:03:19","slug":"reduction-des-cotisations-starter","status":"publish","type":"page","link":"https:\/\/avixi.be\/fr\/devenir-independant\/cotisations-sociales\/reduction-des-cotisations-starter\/","title":{"rendered":"R\u00e9duction des cotisations starter"},"content":{"rendered":"<div class=\"fusion-fullwidth fullwidth-box fusion-builder-row-1 fusion-flex-container nonhundred-percent-fullwidth non-hundred-percent-height-scrolling\" style=\"--awb-border-radius-top-left:0px;--awb-border-radius-top-right:0px;--awb-border-radius-bottom-right:0px;--awb-border-radius-bottom-left:0px;--awb-flex-wrap:wrap;\" ><div class=\"fusion-builder-row fusion-row fusion-flex-align-items-flex-start fusion-flex-content-wrap\" style=\"max-width:1560px;margin-left: calc(-4% \/ 2 );margin-right: calc(-4% \/ 2 );\"><div class=\"fusion-layout-column fusion_builder_column fusion-builder-column-0 fusion_builder_column_3_4 3_4 fusion-flex-column\" style=\"--awb-bg-size:cover;--awb-width-large:75%;--awb-margin-top-large:0px;--awb-spacing-right-large:2.56%;--awb-margin-bottom-large:20px;--awb-spacing-left-large:2.56%;--awb-width-medium:75%;--awb-order-medium:0;--awb-spacing-right-medium:2.56%;--awb-spacing-left-medium:2.56%;--awb-width-small:100%;--awb-order-small:0;--awb-spacing-right-small:1.92%;--awb-spacing-left-small:1.92%;\"><div class=\"fusion-column-wrapper fusion-column-has-shadow fusion-flex-justify-content-flex-start fusion-content-layout-column\"><nav class=\"fusion-breadcrumbs fusion-breadcrumbs-1\" style=\"--awb-breadcrumb-sep:&#039;\/&#039;;\" aria-label=\"Breadcrumb\"><ol class=\"awb-breadcrumb-list\"><li class=\"fusion-breadcrumb-item awb-breadcrumb-sep awb-home\" ><a href=\"https:\/\/avixi.be\/fr\/\" class=\"fusion-breadcrumb-link\"><span >Home<\/span><\/a><\/li><\/ol><\/nav><div class=\"fusion-text fusion-text-1\"><h1 data-fontsize=\"36\" style=\"--fontSize:36; line-height: 1.16; --minFontSize:36;\" data-lineheight=\"41.76px\" class=\"fusion-responsive-typography-calculated\">R\u00e9duction des cotisations starter<\/h1>\n<hr>\n<p>Pour les ind\u00e9pendants d\u00e9butants dans leur activit\u00e9 principale et remplissant certaines conditions, une cotisation minimale inf\u00e9rieure s&rsquo;applique pour les 4 premiers trimestres d&rsquo;affiliation.<\/p>\n<p>Vous \u00eates primostarter si:<\/p>\n<ul>\n<li>vous \u00eates travailleur ind\u00e9pendant \u00e0 titre principal;<\/li>\n<li>\u00e0 aucun moment pendant les vingt trimestres avant le d\u00e9but ou la reprise de votre activit\u00e9 ind\u00e9pendante, vous n&rsquo;avez \u00e9t\u00e9 un travailleur ind\u00e9pendant \u00e0 titre principal ou un travailleur ind\u00e9pendant \u00e0 titre principal assimil\u00e9 \u00e0 un travailleur ind\u00e9pendant \u00e0 titre compl\u00e9mentaire;<\/li>\n<li>depuis le 01\/01\/2023 la cat\u00e9gorie \u2018Primo-starter\u2019 s\u2019applique aussi aux ind\u00e9pendants sortant d\u2019une incapacit\u00e9 de travail ou d\u2019une invalidit\u00e9, apr\u00e8s avoir b\u00e9n\u00e9fici\u00e9 d\u2019au moins 2 trimestres cons\u00e9cutifs de l\u2019assimilation pour cause de maladie.<\/li>\n<\/ul>\n<p>Il s&rsquo;agit donc des travailleurs ind\u00e9pendants d\u00e9butants \u00e0 titre principal qui n&rsquo;ont jamais exerc\u00e9 une activit\u00e9 ind\u00e9pendante auparavant ou qui ont cess\u00e9 une activit\u00e9 ind\u00e9pendante il y a plus de vingt trimestres.<\/p>\n<p>Cela ne s\u2019applique pas aux ind\u00e9pendants reprenant leurs activit\u00e9s apr\u00e8s une p\u00e9riode d\u2019assimilation pour cause de maladie. En ce qui concerne la reprise de l\u2019activit\u00e9, il peut s\u2019agir de travailleurs ind\u00e9pendants qui ont obtenu l\u2019autorisation d\u2019exercer une activit\u00e9 pendant leur incapacit\u00e9 de travail\/invalidit\u00e9 du m\u00e9decin-conseil ou de travailleurs ind\u00e9pendants qui reprennent une activit\u00e9 ind\u00e9pendante apr\u00e8s une p\u00e9riode d\u2019incapacit\u00e9 de travail\/invalidit\u00e9 sans plus percevoir aucune indemnit\u00e9.<\/p>\n<p>Les travailleurs ind\u00e9pendants \u00e0 titre compl\u00e9mentaire et les \u00e9tudiants-ind\u00e9pendants qui passent au statut de travailleur ind\u00e9pendant \u00e0 titre principal entrent \u00e9galement en ligne de compte.<\/p>\n<p>En tant que travailleur ind\u00e9pendant \u00e0 titre compl\u00e9mentaire, vous ne pouvez pas \u00eatre primostarter.<\/p>\n<h2 data-fontsize=\"28\" style=\"--fontSize:28; line-height: 1.2; --minFontSize:28;\" data-lineheight=\"33.6px\" class=\"fusion-responsive-typography-calculated\">Cotisations sociales<\/h2>\n<p>La cotisation sociale minimum des primostarters pour les quatre premiers trimestres est inf\u00e9rieure \u00e0 celle des autres travailleurs ind\u00e9pendants \u00e0 titre principal. Ainsi, vous payez moins de cotisations sociales pour ces quatre premiers trimestres si vos revenus sont limit\u00e9s. Avec des revenus plus \u00e9lev\u00e9s, vous payez les m\u00eames cotisations que les autres travailleurs ind\u00e9pendants \u00e0 titre principal.<\/p>\n<p>Depuis le 1er octobre 2022, le statut de primostarters  sera \u00e9tendu pour les artistes professionnels aux huits premiers trimestres d&rsquo;affiliation.<\/p>\n<p>Ces cotisations sociales r\u00e9duites s&rsquo;appliquent automatiquement au moment du calcul de vos cotisations d\u00e9finitives. Votre caisse d&rsquo;assurances sociales ne peut faire ce calcul qu&rsquo;apr\u00e8s la fixation par le fisc des revenus de l&rsquo;ann\u00e9e de cotisation concern\u00e9e (en g\u00e9n\u00e9ral un ou deux ans plus tard).<\/p>\n<p>Si vous voulez d\u00e9j\u00e0 payer des cotisations provisoires r\u00e9duites pendant l&rsquo;ann\u00e9e de cotisation, vous devez demander \u00e0 votre caisse d&rsquo;assurances sociales de r\u00e9duire vos cotisations provisoires<\/p>\n<ul>\n<li>soit au niveau de la cotisation sociale minimum des primostarters<\/li>\n<li>soit au niveau d&rsquo;un autre montant fix\u00e9 par la loi.<\/li>\n<\/ul>\n<p>Cette r\u00e9duction peut uniquement avoir lieu si vous pouvez d\u00e9montrer que vos revenus de l\u2019ann\u00e9e de cotisation durant laquelle un ou plusieurs de ces quatre premiers trimestres sont situ\u00e9s, n\u2019exc\u00e9deront pas le seuil fix\u00e9 par la loi.<\/p>\n<\/div><\/div><\/div><div class=\"fusion-layout-column fusion_builder_column fusion-builder-column-1 fusion_builder_column_1_4 1_4 fusion-flex-column\" style=\"--awb-bg-size:cover;--awb-width-large:25%;--awb-margin-top-large:0px;--awb-spacing-right-large:7.68%;--awb-margin-bottom-large:20px;--awb-spacing-left-large:7.68%;--awb-width-medium:25%;--awb-order-medium:0;--awb-spacing-right-medium:7.68%;--awb-spacing-left-medium:7.68%;--awb-width-small:100%;--awb-order-small:0;--awb-spacing-right-small:1.92%;--awb-spacing-left-small:1.92%;\"><div class=\"fusion-column-wrapper fusion-column-has-shadow fusion-flex-justify-content-flex-start fusion-content-layout-column\"><div class=\"fusion-image-element \" style=\"--awb-caption-title-font-family:var(--h2_typography-font-family);--awb-caption-title-font-weight:var(--h2_typography-font-weight);--awb-caption-title-font-style:var(--h2_typography-font-style);--awb-caption-title-size:var(--h2_typography-font-size);--awb-caption-title-transform:var(--h2_typography-text-transform);--awb-caption-title-line-height:var(--h2_typography-line-height);--awb-caption-title-letter-spacing:var(--h2_typography-letter-spacing);\"><span class=\" fusion-imageframe imageframe-none imageframe-1 hover-type-none\"><img loading=\"lazy\" decoding=\"async\" width=\"960\" height=\"640\" title=\"avaxi-6\" src=\"https:\/\/avixi.be\/wp-content\/uploads\/2021\/03\/avaxi-6-960x640.jpg\" alt class=\"img-responsive wp-image-4863\" srcset=\"https:\/\/avixi.be\/wp-content\/uploads\/2021\/03\/avaxi-6-200x133.jpg 200w, https:\/\/avixi.be\/wp-content\/uploads\/2021\/03\/avaxi-6-400x267.jpg 400w, https:\/\/avixi.be\/wp-content\/uploads\/2021\/03\/avaxi-6-600x400.jpg 600w, https:\/\/avixi.be\/wp-content\/uploads\/2021\/03\/avaxi-6-800x533.jpg 800w, https:\/\/avixi.be\/wp-content\/uploads\/2021\/03\/avaxi-6-1200x800.jpg 1200w, https:\/\/avixi.be\/wp-content\/uploads\/2021\/03\/avaxi-6.jpg 1920w\" sizes=\"auto, (max-width: 640px) 100vw, 400px\" \/><\/span><\/div><div class=\"fusion-separator fusion-full-width-sep\" style=\"align-self: center;margin-left: auto;margin-right: auto;margin-top:2rem;width:100%;\"><div class=\"fusion-separator-border sep-single\" style=\"--awb-height:20px;--awb-amount:20px;border-color:#def0f4;border-top-width:0px;\"><\/div><\/div><div class=\"fusion-text fusion-text-2\"><h3>D\u00e9marrer comme ind\u00e9pendant?<\/h3>\n<p>D\u00e9marrez votre activit\u00e9 en ligne avec le tool avixi.<\/p>\n<\/div><div ><a class=\"fusion-button button-flat fusion-button-default-size button-default fusion-button-default button-1 fusion-button-default-span fusion-button-default-type\" target=\"_blank\" rel=\"noopener noreferrer\" href=\"https:\/\/avixi.be\/fr\/devenir-independant\/affiliations-obligatoires\/demarrer-son-activite-en-ligne\/\"><span class=\"fusion-button-text awb-button__text awb-button__text--default\">D\u00e9marre<\/span><i class=\"fa-angle-right fas awb-button__icon awb-button__icon--default button-icon-right\" aria-hidden=\"true\"><\/i><\/a><\/div><div class=\"fusion-separator fusion-full-width-sep\" style=\"align-self: center;margin-left: auto;margin-right: auto;margin-top:2rem;width:100%;\"><div class=\"fusion-separator-border sep-single\" style=\"--awb-height:20px;--awb-amount:20px;border-color:#def0f4;border-top-width:0px;\"><\/div><\/div><div class=\"fusion-text fusion-text-3\"><h3 data-fontsize=\"20\" data-lineheight=\"24px\" class=\"fusion-responsive-typography-calculated\" style=\"--fontSize:20; line-height: 1.2; --minFontSize:20;\">Documents<\/h3>\n<ul>\n<li><a href=\"https:\/\/avixi.be\/wp-content\/uploads\/2021\/03\/cotisations-sociales-independant-debutant-2026.pdf\" target=\"_blank\" rel=\"noopener\">bar\u00e8mes cotisations sociales ind\u00e9pendant debutant <\/a><\/li>\n<\/ul>\n<\/div><div class=\"fusion-separator fusion-full-width-sep\" style=\"align-self: center;margin-left: auto;margin-right: auto;margin-top:2rem;width:100%;\"><div class=\"fusion-separator-border sep-single\" style=\"--awb-height:20px;--awb-amount:20px;border-color:#def0f4;border-top-width:0px;\"><\/div><\/div><div class=\"fusion-reading-box-container reading-box-container-1\" style=\"--awb-title-color:#002f47;--awb-margin-top:0px;--awb-margin-bottom:20px;\"><div class=\"reading-box\" style=\"background-color:#def2f2;border-width:0px;border-color:#f6f6f6;border-right-width:3px;border-right-color:var(--primary_color);border-style:solid;\"><a class=\"button fusion-button button-default fusion-button-default-size button-default-size button-flat fusion-desktop-button fusion-tagline-button continue fusion-desktop-button-margin continue-right\" style=\"-webkit-box-shadow:none;-moz-box-shadow:none;box-shadow:none;border-radius:50px 50px 50px 50px\" href=\"https:\/\/avixi.be\/fr\/contact\/\" target=\"_blank\" rel=\"noopener noreferrer\"><span>Contact<\/span><\/a><h2>Des questions?<\/h2><div class=\"reading-box-additional fusion-reading-box-additional\">\n<p>Prennez contact avec votre gestionnaire de relation client:<\/p>\n<p>Mechelen sur <strong>015 45 12 60<br \/><\/strong>Brugge sur <strong>050 40 65 65<br \/><\/strong>Hasselt sur <strong>011 22 27 46&nbsp; &nbsp; &nbsp; <\/strong>Bruxelles sur&nbsp;<strong>02 743 05 10<\/strong><\/p>\n<p>ou envoyez un e-mail \u00e0 <a href=\"mailto:info@avixi.be\">info@avixi.be<\/a>.<\/p>\n<\/div><div class=\"fusion-clearfix\"><\/div><a class=\"button fusion-button button-default fusion-button-default-size button-default-size button-flat fusion-mobile-button continue-right\" style=\"-webkit-box-shadow:none;-moz-box-shadow:none;box-shadow:none;border-radius:50px 50px 50px 50px\" href=\"https:\/\/avixi.be\/fr\/contact\/\" target=\"_blank\" rel=\"noopener noreferrer\"><span>Contact<\/span><\/a><\/div><\/div><\/div><\/div>\n<\/div><\/div>\n","protected":false},"excerpt":{"rendered":"","protected":false},"author":1,"featured_media":0,"parent":4037,"menu_order":3,"comment_status":"closed","ping_status":"closed","template":"","meta":{"_acf_changed":false,"footnotes":""},"class_list":["post-4046","page","type-page","status-publish","hentry"],"acf":[],"_links":{"self":[{"href":"https:\/\/avixi.be\/fr\/wp-json\/wp\/v2\/pages\/4046","targetHints":{"allow":["GET"]}}],"collection":[{"href":"https:\/\/avixi.be\/fr\/wp-json\/wp\/v2\/pages"}],"about":[{"href":"https:\/\/avixi.be\/fr\/wp-json\/wp\/v2\/types\/page"}],"author":[{"embeddable":true,"href":"https:\/\/avixi.be\/fr\/wp-json\/wp\/v2\/users\/1"}],"replies":[{"embeddable":true,"href":"https:\/\/avixi.be\/fr\/wp-json\/wp\/v2\/comments?post=4046"}],"version-history":[{"count":6,"href":"https:\/\/avixi.be\/fr\/wp-json\/wp\/v2\/pages\/4046\/revisions"}],"predecessor-version":[{"id":10518,"href":"https:\/\/avixi.be\/fr\/wp-json\/wp\/v2\/pages\/4046\/revisions\/10518"}],"up":[{"embeddable":true,"href":"https:\/\/avixi.be\/fr\/wp-json\/wp\/v2\/pages\/4037"}],"wp:attachment":[{"href":"https:\/\/avixi.be\/fr\/wp-json\/wp\/v2\/media?parent=4046"}],"curies":[{"name":"wp","href":"https:\/\/api.w.org\/{rel}","templated":true}]}}