{"id":4007,"date":"2021-03-15T10:58:47","date_gmt":"2021-03-15T09:58:47","guid":{"rendered":"https:\/\/staging.avixi.be\/?page_id=4007"},"modified":"2021-03-30T09:21:37","modified_gmt":"2021-03-30T07:21:37","slug":"partenaire-aidant","status":"publish","type":"page","link":"https:\/\/avixi.be\/fr\/devenir-independant\/votre-statut-dindependant\/partenaire-aidant\/","title":{"rendered":"Partenaire aidant"},"content":{"rendered":"<div class=\"fusion-fullwidth fullwidth-box fusion-builder-row-1 fusion-flex-container nonhundred-percent-fullwidth non-hundred-percent-height-scrolling\" style=\"--awb-border-radius-top-left:0px;--awb-border-radius-top-right:0px;--awb-border-radius-bottom-right:0px;--awb-border-radius-bottom-left:0px;--awb-flex-wrap:wrap;\" ><div class=\"fusion-builder-row fusion-row fusion-flex-align-items-flex-start fusion-flex-content-wrap\" style=\"max-width:1560px;margin-left: calc(-4% \/ 2 );margin-right: calc(-4% \/ 2 );\"><div class=\"fusion-layout-column fusion_builder_column fusion-builder-column-0 fusion_builder_column_3_4 3_4 fusion-flex-column\" style=\"--awb-bg-size:cover;--awb-width-large:75%;--awb-margin-top-large:0px;--awb-spacing-right-large:2.56%;--awb-margin-bottom-large:20px;--awb-spacing-left-large:2.56%;--awb-width-medium:75%;--awb-order-medium:0;--awb-spacing-right-medium:2.56%;--awb-spacing-left-medium:2.56%;--awb-width-small:100%;--awb-order-small:0;--awb-spacing-right-small:1.92%;--awb-spacing-left-small:1.92%;\"><div class=\"fusion-column-wrapper fusion-column-has-shadow fusion-flex-justify-content-flex-start fusion-content-layout-column\"><nav class=\"fusion-breadcrumbs fusion-breadcrumbs-1\" style=\"--awb-breadcrumb-sep:&#039;\/&#039;;\" aria-label=\"Breadcrumb\"><ol class=\"awb-breadcrumb-list\"><li class=\"fusion-breadcrumb-item awb-breadcrumb-sep awb-home\" ><a href=\"https:\/\/avixi.be\/fr\/\" class=\"fusion-breadcrumb-link\"><span >Home<\/span><\/a><\/li><\/ol><\/nav><div class=\"fusion-text fusion-text-1\"><h1>Partenaire aidant<\/h1>\n<hr \/>\n<p>Le l\u00e9gislateur consid\u00e8re comme conjoint aidant un conjoint ou cohabitant l\u00e9gal qui:<\/p>\n<ul>\n<li>Ne per\u00e7oit aucun revenu propre d\u2019une autre activit\u00e9 professionnelle<\/li>\n<li>Ne b\u00e9n\u00e9ficie d\u2019aucun revenu de remplacement donnant droit \u00e0 une protection compl\u00e8te de s\u00e9curit\u00e9 sociale<\/li>\n<li>Participe effectivement \u00e0 l\u2019affaire de l\u2019ind\u00e9pendant et y travaille plus de 90 jours par an.<\/li>\n<\/ul>\n<p>Le conjoint qui n\u2019apporte absolument pas d\u2019aide \u00e0 l\u2019ind\u00e9pendant ou ne le fait que de fa\u00e7on occasionnelle (moins de 90 jours par an et pas sur base r\u00e9guli\u00e8re) n\u2019est pas consid\u00e9r\u00e9 comme conjoint aidant.<\/p>\n<p>Le conjoint (H\/F) d\u2019un chef d\u2019entreprise n\u2019est pas consid\u00e9r\u00e9 comme conjoint aidant.<\/p>\n<p>La personne ayant des actions dans une soci\u00e9t\u00e9 et qui travaille pour celle-ci est consid\u00e9r\u00e9e comme conjoint aidant et doit cotiser \u00e0 la s\u00e9curit\u00e9 sociale des ind\u00e9pendants.<\/p>\n<p>C\u2019est \u00e9galement le cas d\u2019un mandataire ou de toute personne b\u00e9n\u00e9ficiant d\u2019une indemnit\u00e9 d\u2019une soci\u00e9t\u00e9.<\/p>\n<p>Le maxi statut (pour les personnes n\u00e9es apr\u00e8s le 1\/1\/1956)<strong><br \/>\n<\/strong>Le maxi statut donne droit aux allocations familiales, pension, indemnit\u00e9 de maternit\u00e9, assurance contre l\u2019incapacit\u00e9 de travail et indemnit\u00e9 d\u2019invalidit\u00e9. \u00c0 l\u2019instar du mini statut, le conjoint aidant doit s\u2019affilier \u00e0 la caisse d\u2019assurances sociales de l\u2019ind\u00e9pendant (H\/F).<br \/>\nLes cotisations sociales sont calcul\u00e9es en fonction des revenus que l\u2019ind\u00e9pendant aura \u201cfiscalement\u201d attribu\u00e9s \u00e0 son conjoint. Lorsqu\u2019un conjoint aidant s\u2019affilie au maxi statut, il est consid\u00e9r\u00e9 comme d\u00e9butant une activit\u00e9. Il doit donc payer \u00e0 ce titre des cotisations provisoires. Elles seront r\u00e9gularis\u00e9es d\u00e8s que le fisc aura communiqu\u00e9 les revenus professionnels nets r\u00e9els.<\/p>\n<p>Le mini statut (uniquement possible pour les personnes n\u00e9es avant le 1\/1\/1956)<strong><br \/>\n<\/strong>Le conjoint aidant (H\/F) d\u2019un ind\u00e9pendant doit s\u2019affilier \u00e0 la caisse d\u2019assurances sociales de son conjoint pour b\u00e9n\u00e9ficier d\u2019une couverture d\u2019assurances sociales minimale. Il est ainsi assur\u00e9 contre une incapacit\u00e9 de travail (y compris une allocation de maternit\u00e9) et l\u2019invalidit\u00e9. Il n\u2019existe aucun droit d\u00e9riv\u00e9 automatique obtenu via le conjoint pour couvrir ces deux types de risques. Les cotisations sociales sont calcul\u00e9es en fonction du revenu professionnel de l\u2019ind\u00e9pendant \u00e0 titre principal.<\/p>\n<h2>Cotisations du partenaire ind\u00e9pendant<\/h2>\n<p>Pour calculer ses cotisations sociales, les revenus d\u2019un ind\u00e9pendant ayant un conjoint aidant (H\/F) sont scind\u00e9s en deux parts. Le montant forfaitaire duquel sont calcul\u00e9es les cotisations provisoires du conjoint est d\u00e9duit des revenus sur lesquels sont calcul\u00e9es les cotisations du conjoint ind\u00e9pendant. Dans une phase ult\u00e9rieure, les deux cotisations seront r\u00e9gularis\u00e9es en fonction des revenus r\u00e9els, scind\u00e9s entre les conjoints.<\/p>\n<h2>Cons\u00e9quences fiscales<\/h2>\n<p>En acc\u00e9dant au maxi statut, les revenus professionnels sont scind\u00e9s fiscalement et le conjoint aidant (H\/F) acquiert ses propres revenus, lui permettant d\u2019obtenir une d\u00e9ductibilit\u00e9 des frais ainsi qu\u2019un \u00e9ventuel cr\u00e9dit d\u2019imp\u00f4t. Comme le conjoint aidant verse des cotisations sociales compl\u00e8tes, il peut en son nom propre conclure une Pension Libre Compl\u00e9mentaire des Ind\u00e9pendants (PLCI) et d\u00e9duire ces montants de ses propres revenus professionnels.<\/p>\n<\/div><\/div><\/div><div class=\"fusion-layout-column fusion_builder_column fusion-builder-column-1 fusion_builder_column_1_4 1_4 fusion-flex-column\" style=\"--awb-bg-size:cover;--awb-width-large:25%;--awb-margin-top-large:0px;--awb-spacing-right-large:7.68%;--awb-margin-bottom-large:20px;--awb-spacing-left-large:7.68%;--awb-width-medium:25%;--awb-order-medium:0;--awb-spacing-right-medium:7.68%;--awb-spacing-left-medium:7.68%;--awb-width-small:100%;--awb-order-small:0;--awb-spacing-right-small:1.92%;--awb-spacing-left-small:1.92%;\"><div class=\"fusion-column-wrapper fusion-column-has-shadow fusion-flex-justify-content-flex-start fusion-content-layout-column\"><div class=\"fusion-image-element \" style=\"--awb-caption-title-font-family:var(--h2_typography-font-family);--awb-caption-title-font-weight:var(--h2_typography-font-weight);--awb-caption-title-font-style:var(--h2_typography-font-style);--awb-caption-title-size:var(--h2_typography-font-size);--awb-caption-title-transform:var(--h2_typography-text-transform);--awb-caption-title-line-height:var(--h2_typography-line-height);--awb-caption-title-letter-spacing:var(--h2_typography-letter-spacing);\"><span class=\" fusion-imageframe imageframe-none imageframe-1 hover-type-none\"><img loading=\"lazy\" decoding=\"async\" width=\"960\" height=\"640\" title=\"avaxi-6\" src=\"https:\/\/avixi.be\/wp-content\/uploads\/2021\/03\/avaxi-6-960x640.jpg\" alt class=\"img-responsive wp-image-4863\" srcset=\"https:\/\/avixi.be\/wp-content\/uploads\/2021\/03\/avaxi-6-200x133.jpg 200w, https:\/\/avixi.be\/wp-content\/uploads\/2021\/03\/avaxi-6-400x267.jpg 400w, https:\/\/avixi.be\/wp-content\/uploads\/2021\/03\/avaxi-6-600x400.jpg 600w, https:\/\/avixi.be\/wp-content\/uploads\/2021\/03\/avaxi-6-800x533.jpg 800w, https:\/\/avixi.be\/wp-content\/uploads\/2021\/03\/avaxi-6-1200x800.jpg 1200w, https:\/\/avixi.be\/wp-content\/uploads\/2021\/03\/avaxi-6.jpg 1920w\" sizes=\"auto, (max-width: 640px) 100vw, 400px\" \/><\/span><\/div><div class=\"fusion-separator fusion-full-width-sep\" style=\"align-self: center;margin-left: auto;margin-right: auto;margin-top:2rem;width:100%;\"><div class=\"fusion-separator-border sep-single\" style=\"--awb-height:20px;--awb-amount:20px;border-color:#def0f4;border-top-width:0px;\"><\/div><\/div><div class=\"fusion-text fusion-text-2\"><h3>D\u00e9marrer comme ind\u00e9pendant?<\/h3>\n<p>D\u00e9marrez votre activit\u00e9 en ligne avec le tool avixi.<\/p>\n<\/div><div ><a class=\"fusion-button button-flat fusion-button-default-size button-default fusion-button-default button-1 fusion-button-default-span fusion-button-default-type\" target=\"_blank\" rel=\"noopener noreferrer\" href=\"https:\/\/avixi.be\/fr\/devenir-independant\/affiliations-obligatoires\/demarrer-son-activite-en-ligne\/\"><span class=\"fusion-button-text awb-button__text awb-button__text--default\">D\u00e9marre<\/span><i class=\"fa-angle-right fas awb-button__icon awb-button__icon--default button-icon-right\" aria-hidden=\"true\"><\/i><\/a><\/div><div class=\"fusion-separator fusion-full-width-sep\" style=\"align-self: center;margin-left: auto;margin-right: auto;margin-top:2rem;width:100%;\"><div class=\"fusion-separator-border sep-single\" style=\"--awb-height:20px;--awb-amount:20px;border-color:#def0f4;border-top-width:0px;\"><\/div><\/div><div class=\"fusion-text fusion-text-3\"><h3>Documents int\u00e9ressants<\/h3>\n<ul>\n<li><a href=\"https:\/\/avixi.be\/wp-content\/uploads\/2022\/04\/Avixi_Brochure_A4_FR-HR-web.pdf\" target=\"_blank\" rel=\"noopener\">Guide de d\u00e9marrage<\/a><\/li>\n<\/ul>\n<h3>Contactez notre guichet d\u2019entreprises<\/h3>\n<ul>\n<li><a href=\"mailto:eunomia.bruxelles@avixi.be\">Guichet d&rsquo;entreprises Bruxelles<\/a><\/li>\n<li><a href=\"mailto:OLmechelen@avixi.be\" target=\"_blank\" rel=\"noopener\">Guichet d\u2019entreprises Mechelen<\/a><\/li>\n<li><a href=\"mailto:OLbrugge@avixi.be\" target=\"_blank\" rel=\"noopener\">Guichet d\u2019entreprises Brugge<\/a><\/li>\n<\/ul>\n<\/div><div class=\"fusion-separator fusion-full-width-sep\" style=\"align-self: center;margin-left: auto;margin-right: auto;margin-top:2rem;width:100%;\"><div class=\"fusion-separator-border sep-single\" style=\"--awb-height:20px;--awb-amount:20px;border-color:#def0f4;border-top-width:0px;\"><\/div><\/div><div class=\"fusion-reading-box-container reading-box-container-1\" style=\"--awb-title-color:#002f47;--awb-margin-top:0px;--awb-margin-bottom:20px;\"><div class=\"reading-box\" style=\"background-color:#def2f2;border-width:0px;border-color:#f6f6f6;border-right-width:3px;border-right-color:var(--primary_color);border-style:solid;\"><a class=\"button fusion-button button-default fusion-button-default-size button-default-size button-flat fusion-desktop-button fusion-tagline-button continue fusion-desktop-button-margin continue-right\" style=\"-webkit-box-shadow:none;-moz-box-shadow:none;box-shadow:none;border-radius:50px 50px 50px 50px\" href=\"https:\/\/avixi.be\/fr\/contact\/\" target=\"_blank\" rel=\"noopener noreferrer\"><span>Contact<\/span><\/a><h2>Des questions?<\/h2><div class=\"reading-box-additional fusion-reading-box-additional\">\n<p>Prennez contact avec votre gestionnaire de relation client:<\/p>\n<p>Mechelen sur <strong>015 45 12 60<br \/><\/strong>Brugge sur <strong>050 40 65 65<br \/><\/strong>Hasselt sur <strong>011 22 27 46&nbsp; &nbsp; &nbsp; <\/strong>Bruxelles sur&nbsp;<strong>02 743 05 10<\/strong><\/p>\n<p>ou envoyez un e-mail \u00e0 <a href=\"mailto:info@avixi.be\">info@avixi.be<\/a>.<\/p>\n<\/div><div class=\"fusion-clearfix\"><\/div><a class=\"button fusion-button button-default fusion-button-default-size button-default-size button-flat fusion-mobile-button continue-right\" style=\"-webkit-box-shadow:none;-moz-box-shadow:none;box-shadow:none;border-radius:50px 50px 50px 50px\" href=\"https:\/\/avixi.be\/fr\/contact\/\" target=\"_blank\" rel=\"noopener noreferrer\"><span>Contact<\/span><\/a><\/div><\/div><\/div><\/div>\n<\/div><\/div>\n","protected":false},"excerpt":{"rendered":"","protected":false},"author":1,"featured_media":0,"parent":3987,"menu_order":6,"comment_status":"closed","ping_status":"closed","template":"","meta":{"_acf_changed":false,"footnotes":""},"class_list":["post-4007","page","type-page","status-publish","hentry"],"acf":[],"_links":{"self":[{"href":"https:\/\/avixi.be\/fr\/wp-json\/wp\/v2\/pages\/4007","targetHints":{"allow":["GET"]}}],"collection":[{"href":"https:\/\/avixi.be\/fr\/wp-json\/wp\/v2\/pages"}],"about":[{"href":"https:\/\/avixi.be\/fr\/wp-json\/wp\/v2\/types\/page"}],"author":[{"embeddable":true,"href":"https:\/\/avixi.be\/fr\/wp-json\/wp\/v2\/users\/1"}],"replies":[{"embeddable":true,"href":"https:\/\/avixi.be\/fr\/wp-json\/wp\/v2\/comments?post=4007"}],"version-history":[{"count":3,"href":"https:\/\/avixi.be\/fr\/wp-json\/wp\/v2\/pages\/4007\/revisions"}],"predecessor-version":[{"id":4880,"href":"https:\/\/avixi.be\/fr\/wp-json\/wp\/v2\/pages\/4007\/revisions\/4880"}],"up":[{"embeddable":true,"href":"https:\/\/avixi.be\/fr\/wp-json\/wp\/v2\/pages\/3987"}],"wp:attachment":[{"href":"https:\/\/avixi.be\/fr\/wp-json\/wp\/v2\/media?parent=4007"}],"curies":[{"name":"wp","href":"https:\/\/api.w.org\/{rel}","templated":true}]}}