{"id":3914,"date":"2021-03-15T10:53:55","date_gmt":"2021-03-15T09:53:55","guid":{"rendered":"https:\/\/staging.avixi.be\/?page_id=3914"},"modified":"2026-01-07T11:55:23","modified_gmt":"2026-01-07T10:55:23","slug":"demander-un-numero-dentreprise","status":"publish","type":"page","link":"https:\/\/avixi.be\/fr\/devenir-independant\/formalites-administratives\/demander-un-numero-dentreprise\/","title":{"rendered":"Demander un num\u00e9ro d\u2019entreprise"},"content":{"rendered":"<div class=\"fusion-fullwidth fullwidth-box fusion-builder-row-1 fusion-flex-container nonhundred-percent-fullwidth non-hundred-percent-height-scrolling\" style=\"--awb-border-radius-top-left:0px;--awb-border-radius-top-right:0px;--awb-border-radius-bottom-right:0px;--awb-border-radius-bottom-left:0px;--awb-flex-wrap:wrap;\" ><div class=\"fusion-builder-row fusion-row fusion-flex-align-items-flex-start fusion-flex-content-wrap\" style=\"max-width:1560px;margin-left: calc(-4% \/ 2 );margin-right: calc(-4% \/ 2 );\"><div class=\"fusion-layout-column fusion_builder_column fusion-builder-column-0 fusion_builder_column_3_4 3_4 fusion-flex-column\" style=\"--awb-bg-size:cover;--awb-width-large:75%;--awb-margin-top-large:0px;--awb-spacing-right-large:2.56%;--awb-margin-bottom-large:20px;--awb-spacing-left-large:2.56%;--awb-width-medium:75%;--awb-order-medium:0;--awb-spacing-right-medium:2.56%;--awb-spacing-left-medium:2.56%;--awb-width-small:100%;--awb-order-small:0;--awb-spacing-right-small:1.92%;--awb-spacing-left-small:1.92%;\"><div class=\"fusion-column-wrapper fusion-column-has-shadow fusion-flex-justify-content-flex-start fusion-content-layout-column\"><nav class=\"fusion-breadcrumbs fusion-breadcrumbs-1\" style=\"--awb-breadcrumb-sep:&#039;\/&#039;;\" aria-label=\"Breadcrumb\"><ol class=\"awb-breadcrumb-list\"><li class=\"fusion-breadcrumb-item awb-breadcrumb-sep awb-home\" ><a href=\"https:\/\/avixi.be\/fr\/\" class=\"fusion-breadcrumb-link\"><span >Home<\/span><\/a><\/li><\/ol><\/nav><div class=\"fusion-text fusion-text-1\"><h1 class=\"fusion-responsive-typography-calculated\" style=\"--fontsize: 36; line-height: 1.16;\" data-fontsize=\"36\" data-lineheight=\"41.76px\">Demander un num\u00e9ro d\u2019entreprise<\/h1>\n<hr \/>\n<p>La BCE est une banque de donn\u00e9es \u00e9lectronique qui enregistre toutes les donn\u00e9es d\u2019identifications des entrepreneurs et entreprises \u00e9tablies ou enregistr\u00e9es en Belgique. Chaque ind\u00e9pendant d\u00e9marrant doit inscrire son entreprise \u00e0 la BCE. Vous ne pouvez pas le faire en directe, pour \u00e7a il faut faire appel \u00e0 notre guichet d\u2019entreprises Eunomia. La proc\u00e9dure diff\u00e8re selon qu\u2019on parle d\u2019une entreprise unipersonelle ou d\u2019une soci\u00e9t\u00e9.<\/p>\n<p>Il faut toutefois tenir compte des exceptions suivantes\u00a0:<\/p>\n<ul>\n<li>Les aidants et les partenaires aidants n\u2019ont pas besoin d\u2019un num\u00e9ro d\u2019entreprise.\u00a0L\u2019obligation d\u2019avoir un num\u00e9ro d\u2019entreprise incombe uniquement \u00e0 l\u2019ind\u00e9pendant principal qu\u2019ils aident. Les aidants et les partenaires aidants doivent uniquement s\u2019affilier \u00e0 une caisse d\u2019assurances sociales.<\/li>\n<li>Les g\u00e9rants, les administrateurs et les associ\u00e9s actifs d\u2019une soci\u00e9t\u00e9 n\u2019ont pas besoin d\u2019avoir leur propre num\u00e9ro d\u2019entreprise, mais ils doivent s\u2019affilier \u00e0 une caisse d\u2019assurances sociales. C\u2019est la soci\u00e9t\u00e9 m\u00eame qui doit demander le num\u00e9ro d\u2019entreprise.<\/li>\n<\/ul>\n<p>Lors de l\u2019inscription \u00e0 la BCE, chaque entit\u00e9 re\u00e7oit un num\u00e9ro d\u2019identification unique qui est le num\u00e9ro d\u2019entreprise. Celui-ci se compose de dix chiffres, le premier \u00e9tant 0 ou 1. L\u2019entit\u00e9 doit utiliser son num\u00e9ro d\u2019entreprise pour tous ses contacts avec les autorit\u00e9s administratives et judiciaires. Le num\u00e9ro d\u2019entreprise est, par exemple, utilis\u00e9 pour s\u2019identifier aupr\u00e8s de la TVA et de l\u2019ONSS. Toute entreprise soumise \u00e0 inscription doit mentionner son num\u00e9ro d\u2019entreprise sur tous les actes, factures, annonces, communications, lettres, ordres et autres pi\u00e8ces.<\/p>\n<p>Votre guichet d\u2019entreprises Eunomia vous aide \u00e0 d\u00e9marrer en effectuant pour vous les diff\u00e9rentes formalit\u00e9s.<\/p>\n<\/div><\/div><\/div><div class=\"fusion-layout-column fusion_builder_column fusion-builder-column-1 fusion_builder_column_1_4 1_4 fusion-flex-column\" style=\"--awb-bg-size:cover;--awb-width-large:25%;--awb-margin-top-large:0px;--awb-spacing-right-large:7.68%;--awb-margin-bottom-large:20px;--awb-spacing-left-large:7.68%;--awb-width-medium:25%;--awb-order-medium:0;--awb-spacing-right-medium:7.68%;--awb-spacing-left-medium:7.68%;--awb-width-small:100%;--awb-order-small:0;--awb-spacing-right-small:1.92%;--awb-spacing-left-small:1.92%;\"><div class=\"fusion-column-wrapper fusion-column-has-shadow fusion-flex-justify-content-flex-start fusion-content-layout-column\"><div class=\"fusion-image-element \" style=\"--awb-caption-title-font-family:var(--h2_typography-font-family);--awb-caption-title-font-weight:var(--h2_typography-font-weight);--awb-caption-title-font-style:var(--h2_typography-font-style);--awb-caption-title-size:var(--h2_typography-font-size);--awb-caption-title-transform:var(--h2_typography-text-transform);--awb-caption-title-line-height:var(--h2_typography-line-height);--awb-caption-title-letter-spacing:var(--h2_typography-letter-spacing);\"><span class=\" fusion-imageframe imageframe-none imageframe-1 hover-type-none\"><img loading=\"lazy\" decoding=\"async\" width=\"960\" height=\"640\" title=\"avaxi-6\" src=\"https:\/\/avixi.be\/wp-content\/uploads\/2021\/03\/avaxi-6-960x640.jpg\" alt class=\"img-responsive wp-image-4863\" srcset=\"https:\/\/avixi.be\/wp-content\/uploads\/2021\/03\/avaxi-6-200x133.jpg 200w, https:\/\/avixi.be\/wp-content\/uploads\/2021\/03\/avaxi-6-400x267.jpg 400w, https:\/\/avixi.be\/wp-content\/uploads\/2021\/03\/avaxi-6-600x400.jpg 600w, https:\/\/avixi.be\/wp-content\/uploads\/2021\/03\/avaxi-6-800x533.jpg 800w, https:\/\/avixi.be\/wp-content\/uploads\/2021\/03\/avaxi-6-1200x800.jpg 1200w, https:\/\/avixi.be\/wp-content\/uploads\/2021\/03\/avaxi-6.jpg 1920w\" sizes=\"auto, (max-width: 640px) 100vw, 400px\" \/><\/span><\/div><div class=\"fusion-separator fusion-full-width-sep\" style=\"align-self: center;margin-left: auto;margin-right: auto;margin-top:2rem;width:100%;\"><div class=\"fusion-separator-border sep-single\" style=\"--awb-height:20px;--awb-amount:20px;border-color:#def0f4;border-top-width:0px;\"><\/div><\/div><div class=\"fusion-text fusion-text-2\"><h3>D\u00e9marrer comme ind\u00e9pendant?<\/h3>\n<p>D\u00e9marrez votre activit\u00e9 en ligne avec le tool avixi.<\/p>\n<\/div><div ><a class=\"fusion-button button-flat fusion-button-default-size button-default fusion-button-default button-1 fusion-button-default-span fusion-button-default-type\" target=\"_blank\" rel=\"noopener noreferrer\" href=\"https:\/\/avixi.be\/fr\/devenir-independant\/affiliations-obligatoires\/demarrer-son-activite-en-ligne\/\"><span class=\"fusion-button-text awb-button__text awb-button__text--default\">D\u00e9marre<\/span><i class=\"fa-angle-right fas awb-button__icon awb-button__icon--default button-icon-right\" aria-hidden=\"true\"><\/i><\/a><\/div><div class=\"fusion-separator fusion-full-width-sep\" style=\"align-self: center;margin-left: auto;margin-right: auto;margin-top:2rem;width:100%;\"><div class=\"fusion-separator-border sep-single\" style=\"--awb-height:20px;--awb-amount:20px;border-color:#def0f4;border-top-width:0px;\"><\/div><\/div><div class=\"fusion-text fusion-text-3\"><h3>Documents<\/h3>\n<ul>\n<li><a href=\"https:\/\/avixi.be\/wp-content\/uploads\/2026\/01\/Demande-dinscription-reprise-a-la-BCE-07012026-invulbaar-003.pdf\" target=\"_blank\" rel=\"noopener\">demande d\u2019inscription-reprise a la BCE<\/a><\/li>\n<li><a href=\"https:\/\/avixi.be\/wp-content\/uploads\/2021\/03\/demande-activite-ambulante-25072024.pdf\" target=\"_blank\" rel=\"noopener\">demande activit\u00e9 ambulante<\/a><\/li>\n<li><a href=\"https:\/\/avixi.be\/wp-content\/uploads\/2021\/03\/demande-foraines-25072024.pdf\" target=\"_blank\" rel=\"noopener\">demande foraines<\/a><\/li>\n<li><a href=\"https:\/\/avixi.be\/wp-content\/uploads\/2021\/03\/tarifs-eunomia-2026.pdf\" target=\"_blank\" rel=\"noopener\">tarifs eunomia<\/a><\/li>\n<\/ul>\n<\/div><div class=\"fusion-separator fusion-full-width-sep\" style=\"align-self: center;margin-left: auto;margin-right: auto;margin-top:2rem;width:100%;\"><div class=\"fusion-separator-border sep-single\" style=\"--awb-height:20px;--awb-amount:20px;border-color:#def0f4;border-top-width:0px;\"><\/div><\/div><div class=\"fusion-text fusion-text-4\"><h3>Contactez notre guichet d\u2019entreprises<\/h3>\n<ul>\n<li><a href=\"eunomia.bruxelles@avixi.be\">Guichet d&rsquo;entreprises Bruxelles<\/a><\/li>\n<li><a href=\"mailto:OLmechelen@avixi.be\" target=\"_blank\" rel=\"noopener\">Guichet d\u2019entreprises Mechelen<\/a><\/li>\n<li><a href=\"mailto:OLbrugge@avixi.be\" target=\"_blank\" rel=\"noopener\">Guichet d\u2019entreprises Brugge<\/a><\/li>\n<\/ul>\n<\/div><div class=\"fusion-separator fusion-full-width-sep\" style=\"align-self: center;margin-left: auto;margin-right: auto;margin-top:2rem;width:100%;\"><div class=\"fusion-separator-border sep-single\" style=\"--awb-height:20px;--awb-amount:20px;border-color:#def0f4;border-top-width:0px;\"><\/div><\/div><div class=\"fusion-reading-box-container reading-box-container-1\" style=\"--awb-title-color:#002f47;--awb-margin-top:0px;--awb-margin-bottom:20px;\"><div class=\"reading-box\" style=\"background-color:#def2f2;border-width:0px;border-color:#f6f6f6;border-right-width:3px;border-right-color:var(--primary_color);border-style:solid;\"><a class=\"button fusion-button button-default fusion-button-default-size button-default-size button-flat fusion-desktop-button fusion-tagline-button continue fusion-desktop-button-margin continue-right\" style=\"-webkit-box-shadow:none;-moz-box-shadow:none;box-shadow:none;border-radius:50px 50px 50px 50px\" href=\"https:\/\/avixi.be\/fr\/contact\/\" target=\"_blank\" rel=\"noopener noreferrer\"><span>Contact<\/span><\/a><h2>Des questions?<\/h2><div class=\"reading-box-additional fusion-reading-box-additional\">\n<p>Prennez contact avec votre gestionnaire de relation client:<\/p>\n<p>Mechelen sur <strong>015 45 12 60<br \/><\/strong>Brugge sur <strong>050 40 65 65<br \/><\/strong>Hasselt sur <strong>011 22 27 46&nbsp; &nbsp; &nbsp; <\/strong>Bruxelles sur&nbsp;<strong>02 743 05 10<\/strong><\/p>\n<p>ou envoyez un e-mail \u00e0 <a href=\"mailto:info@avixi.be\">info@avixi.be<\/a>.<\/p>\n<\/div><div class=\"fusion-clearfix\"><\/div><a class=\"button fusion-button button-default fusion-button-default-size button-default-size button-flat fusion-mobile-button continue-right\" style=\"-webkit-box-shadow:none;-moz-box-shadow:none;box-shadow:none;border-radius:50px 50px 50px 50px\" href=\"https:\/\/avixi.be\/fr\/contact\/\" target=\"_blank\" rel=\"noopener noreferrer\"><span>Contact<\/span><\/a><\/div><\/div><\/div><\/div>\n<\/div><\/div>\n","protected":false},"excerpt":{"rendered":"","protected":false},"author":1,"featured_media":0,"parent":3906,"menu_order":2,"comment_status":"closed","ping_status":"closed","template":"","meta":{"_acf_changed":false,"footnotes":""},"class_list":["post-3914","page","type-page","status-publish","hentry"],"acf":[],"_links":{"self":[{"href":"https:\/\/avixi.be\/fr\/wp-json\/wp\/v2\/pages\/3914","targetHints":{"allow":["GET"]}}],"collection":[{"href":"https:\/\/avixi.be\/fr\/wp-json\/wp\/v2\/pages"}],"about":[{"href":"https:\/\/avixi.be\/fr\/wp-json\/wp\/v2\/types\/page"}],"author":[{"embeddable":true,"href":"https:\/\/avixi.be\/fr\/wp-json\/wp\/v2\/users\/1"}],"replies":[{"embeddable":true,"href":"https:\/\/avixi.be\/fr\/wp-json\/wp\/v2\/comments?post=3914"}],"version-history":[{"count":4,"href":"https:\/\/avixi.be\/fr\/wp-json\/wp\/v2\/pages\/3914\/revisions"}],"predecessor-version":[{"id":11228,"href":"https:\/\/avixi.be\/fr\/wp-json\/wp\/v2\/pages\/3914\/revisions\/11228"}],"up":[{"embeddable":true,"href":"https:\/\/avixi.be\/fr\/wp-json\/wp\/v2\/pages\/3906"}],"wp:attachment":[{"href":"https:\/\/avixi.be\/fr\/wp-json\/wp\/v2\/media?parent=3914"}],"curies":[{"name":"wp","href":"https:\/\/api.w.org\/{rel}","templated":true}]}}