{"id":3838,"date":"2021-03-16T09:56:02","date_gmt":"2021-03-16T08:56:02","guid":{"rendered":"https:\/\/staging.avixi.be\/?page_id=3838"},"modified":"2025-01-09T15:02:44","modified_gmt":"2025-01-09T14:02:44","slug":"modification-de-lactivite-de-ladresse-de-la-denomination-du-numero-de-tva-du-numero-de-compte-bancaire","status":"publish","type":"page","link":"https:\/\/avixi.be\/fr\/je-suis-independant\/changements-apportes-a-mon-entreprise\/modification-de-lactivite-de-ladresse-de-la-denomination-du-numero-de-tva-du-numero-de-compte-bancaire\/","title":{"rendered":"Modification de l\u2019activit\u00e9 \/ de l\u2019adresse \/ de la d\u00e9nomination \/ du num\u00e9ro de TVA \/ du num\u00e9ro de compte bancaire"},"content":{"rendered":"<div class=\"fusion-fullwidth fullwidth-box fusion-builder-row-1 fusion-flex-container nonhundred-percent-fullwidth non-hundred-percent-height-scrolling\" style=\"--awb-border-radius-top-left:0px;--awb-border-radius-top-right:0px;--awb-border-radius-bottom-right:0px;--awb-border-radius-bottom-left:0px;--awb-flex-wrap:wrap;\" ><div class=\"fusion-builder-row fusion-row fusion-flex-align-items-flex-start fusion-flex-content-wrap\" style=\"max-width:1560px;margin-left: calc(-4% \/ 2 );margin-right: calc(-4% \/ 2 );\"><div class=\"fusion-layout-column fusion_builder_column fusion-builder-column-0 fusion_builder_column_3_4 3_4 fusion-flex-column\" style=\"--awb-bg-size:cover;--awb-width-large:75%;--awb-margin-top-large:0px;--awb-spacing-right-large:2.56%;--awb-margin-bottom-large:20px;--awb-spacing-left-large:2.56%;--awb-width-medium:75%;--awb-order-medium:0;--awb-spacing-right-medium:2.56%;--awb-spacing-left-medium:2.56%;--awb-width-small:100%;--awb-order-small:0;--awb-spacing-right-small:1.92%;--awb-spacing-left-small:1.92%;\"><div class=\"fusion-column-wrapper fusion-column-has-shadow fusion-flex-justify-content-flex-start fusion-content-layout-column\"><nav class=\"fusion-breadcrumbs fusion-breadcrumbs-1\" style=\"--awb-breadcrumb-sep:&#039;\/&#039;;\" aria-label=\"Breadcrumb\"><ol class=\"awb-breadcrumb-list\"><li class=\"fusion-breadcrumb-item awb-breadcrumb-sep awb-home\" ><a href=\"https:\/\/avixi.be\/fr\/\" class=\"fusion-breadcrumb-link\"><span >Home<\/span><\/a><\/li><\/ol><\/nav><div class=\"fusion-text fusion-text-1\"><h1 class=\"\" style=\"--fontsize: 36; line-height: 1.16;\" data-fontsize=\"36\" data-lineheight=\"41.76px\">Modification de l\u2019activit\u00e9 \/ de l\u2019adresse \/ de la d\u00e9nomination \/ du num\u00e9ro de TVA \/ du num\u00e9ro de compte bancaire<\/h1>\n<hr \/>\n<p>Le guichet d\u2019entreprises Eunomia r\u00e8gle pour vous les changements \u00e9ventuels :<\/p>\n<ul>\n<li>Nouvelle adresse<\/li>\n<li>Nouvelle raison sociale<\/li>\n<li>Adaptation des donn\u00e9es financi\u00e8res<\/li>\n<li>Modification\/\u00e9largissement de votre activit\u00e9 professionnelle<\/li>\n<li>Nouveau responsable prouvant la connaissance n\u00e9cessaire du m\u00e9tier ou les connaissances de gestion de base<\/li>\n<li>Lieu d\u2019\u00e9tablissement suppl\u00e9mentaire, \u00e9tablissement qui d\u00e9m\u00e9nage ou qui doit \u00eatre radi\u00e9<\/li>\n<li>Cessation de votre activit\u00e9<\/li>\n<li>Extrait de la Banque-Carrefour des Entreprises<\/li>\n<li>Nouvelle autorisation<\/li>\n<li>Nouvelle carte de commer\u00e7ant ambulant ou modification de la carte existante<\/li>\n<li>Modification\/Radiation de l\u2019immatriculation \u00e0 la TVA<\/li>\n<\/ul>\n<p>Vous trouverez <a href=\"https:\/\/avixi.be\/wp-content\/uploads\/2021\/03\/tarifs-eunomia-2026.pdf\" target=\"_blank\" rel=\"noopener\">ici<\/a> tous les tarifs du guichet d\u2019entreprises.<\/p>\n<\/div><\/div><\/div><div class=\"fusion-layout-column fusion_builder_column fusion-builder-column-1 fusion_builder_column_1_4 1_4 fusion-flex-column\" style=\"--awb-bg-size:cover;--awb-width-large:25%;--awb-margin-top-large:0px;--awb-spacing-right-large:7.68%;--awb-margin-bottom-large:20px;--awb-spacing-left-large:7.68%;--awb-width-medium:25%;--awb-order-medium:0;--awb-spacing-right-medium:7.68%;--awb-spacing-left-medium:7.68%;--awb-width-small:100%;--awb-order-small:0;--awb-spacing-right-small:1.92%;--awb-spacing-left-small:1.92%;\"><div class=\"fusion-column-wrapper fusion-column-has-shadow fusion-flex-justify-content-flex-start fusion-content-layout-column\"><div class=\"fusion-image-element \" style=\"--awb-caption-title-font-family:var(--h2_typography-font-family);--awb-caption-title-font-weight:var(--h2_typography-font-weight);--awb-caption-title-font-style:var(--h2_typography-font-style);--awb-caption-title-size:var(--h2_typography-font-size);--awb-caption-title-transform:var(--h2_typography-text-transform);--awb-caption-title-line-height:var(--h2_typography-line-height);--awb-caption-title-letter-spacing:var(--h2_typography-letter-spacing);\"><span class=\" fusion-imageframe imageframe-none imageframe-1 hover-type-none\"><img loading=\"lazy\" decoding=\"async\" width=\"960\" height=\"640\" title=\"avaxi-8\" src=\"https:\/\/avixi.be\/wp-content\/uploads\/2021\/03\/avaxi-8-960x640.jpg\" alt class=\"img-responsive wp-image-4868\" srcset=\"https:\/\/avixi.be\/wp-content\/uploads\/2021\/03\/avaxi-8-200x133.jpg 200w, https:\/\/avixi.be\/wp-content\/uploads\/2021\/03\/avaxi-8-400x267.jpg 400w, https:\/\/avixi.be\/wp-content\/uploads\/2021\/03\/avaxi-8-600x400.jpg 600w, https:\/\/avixi.be\/wp-content\/uploads\/2021\/03\/avaxi-8-800x533.jpg 800w, https:\/\/avixi.be\/wp-content\/uploads\/2021\/03\/avaxi-8-1200x800.jpg 1200w, https:\/\/avixi.be\/wp-content\/uploads\/2021\/03\/avaxi-8.jpg 1920w\" sizes=\"auto, (max-width: 640px) 100vw, 400px\" \/><\/span><\/div><div class=\"fusion-separator fusion-full-width-sep\" style=\"align-self: center;margin-left: auto;margin-right: auto;margin-top:2rem;width:100%;\"><div class=\"fusion-separator-border sep-single\" style=\"--awb-height:20px;--awb-amount:20px;border-color:#def0f4;border-top-width:0px;\"><\/div><\/div><div class=\"fusion-text fusion-text-2\"><h3 class=\"fusion-responsive-typography-calculated\" style=\"--fontsize: 20; line-height: 1.2;\" data-fontsize=\"20\" data-lineheight=\"24px\">Contacter notre guichet d&rsquo;entreprises<\/h3>\n<ul>\n<li><a href=\"mailto:OLbrugge@avixi.be\" target=\"_blank\" rel=\"noopener\">Guichet d&rsquo;entreprises Mechelen<\/a><\/li>\n<li><a href=\"mailto:OLbrugge@avixi.be\" target=\"_blank\" rel=\"noopener\">Guichet d&rsquo;entreprises Brugge<\/a><\/li>\n<li><a href=\"mailto: eunomia.bruxelles@avixi.be\">Guichet d&rsquo;entreprises Bruxelles<\/a><\/li>\n<\/ul>\n<\/div><div class=\"fusion-text fusion-text-3\"><h3 class=\"fusion-responsive-typography-calculated\" style=\"--fontsize: 20; line-height: 1.2;\" data-fontsize=\"20\" data-lineheight=\"24px\">Document<\/h3>\n<ul>\n<li><a href=\"https:\/\/avixi.be\/wp-content\/uploads\/2021\/03\/demande-de-modification-BCE-25072024.pdf\" target=\"_blank\" rel=\"noopener\">Demande de modification \u00e0 la BCE<\/a><\/li>\n<li><a href=\"https:\/\/avixi.be\/wp-content\/uploads\/2021\/05\/demande-de-modification-dadresse-BCE-25072024.pdf\" target=\"_blank\" rel=\"noopener\">Demande de modification d&rsquo;adresse \u00e0 la BCE<\/a><\/li>\n<li><a href=\"https:\/\/avixi.be\/wp-content\/uploads\/2021\/03\/tarifs-eunomia-2026.pdf\" target=\"_blank\" rel=\"noopener\">Tarifs Eunomia\u00a0<\/a><\/li>\n<\/ul>\n<\/div><div class=\"fusion-separator fusion-full-width-sep\" style=\"align-self: center;margin-left: auto;margin-right: auto;margin-top:2rem;width:100%;\"><div class=\"fusion-separator-border sep-single\" style=\"--awb-height:20px;--awb-amount:20px;border-color:#def0f4;border-top-width:0px;\"><\/div><\/div><div class=\"fusion-separator fusion-full-width-sep\" style=\"align-self: center;margin-left: auto;margin-right: auto;margin-top:2rem;width:100%;\"><div class=\"fusion-separator-border sep-single\" style=\"--awb-height:20px;--awb-amount:20px;border-color:#def0f4;border-top-width:0px;\"><\/div><\/div><div class=\"fusion-reading-box-container reading-box-container-1\" style=\"--awb-title-color:#002f47;--awb-margin-top:0px;--awb-margin-bottom:20px;\"><div class=\"reading-box\" style=\"background-color:#def2f2;border-width:0px;border-color:#f6f6f6;border-right-width:3px;border-right-color:var(--primary_color);border-style:solid;\"><a class=\"button fusion-button button-default fusion-button-default-size button-default-size button-flat fusion-desktop-button fusion-tagline-button continue fusion-desktop-button-margin continue-right\" style=\"-webkit-box-shadow:none;-moz-box-shadow:none;box-shadow:none;border-radius:50px 50px 50px 50px\" href=\"https:\/\/avixi.be\/fr\/contact\/\" target=\"_blank\" rel=\"noopener noreferrer\"><span>Contact<\/span><\/a><h2>Des questions?<\/h2><div class=\"reading-box-additional fusion-reading-box-additional\">\n<p>Prennez contact avec votre gestionnaire de relation client:<\/p>\n<p>Mechelen sur <strong>015 45 12 60<br \/><\/strong>Brugge sur <strong>050 40 65 65<br \/><\/strong>Hasselt sur <strong>011 22 27 46&nbsp; &nbsp; &nbsp; <\/strong>Bruxelles sur&nbsp;<strong>02 743 05 10<\/strong><\/p>\n<p>ou envoyez un e-mail \u00e0 <a href=\"mailto:info@avixi.be\">info@avixi.be<\/a>.<\/p>\n<\/div><div class=\"fusion-clearfix\"><\/div><a class=\"button fusion-button button-default fusion-button-default-size button-default-size button-flat fusion-mobile-button continue-right\" style=\"-webkit-box-shadow:none;-moz-box-shadow:none;box-shadow:none;border-radius:50px 50px 50px 50px\" href=\"https:\/\/avixi.be\/fr\/contact\/\" target=\"_blank\" rel=\"noopener noreferrer\"><span>Contact<\/span><\/a><\/div><\/div><\/div><\/div><\/div><\/div>\n","protected":false},"excerpt":{"rendered":"","protected":false},"author":1,"featured_media":0,"parent":3834,"menu_order":1,"comment_status":"closed","ping_status":"closed","template":"","meta":{"_acf_changed":false,"footnotes":""},"class_list":["post-3838","page","type-page","status-publish","hentry"],"acf":[],"_links":{"self":[{"href":"https:\/\/avixi.be\/fr\/wp-json\/wp\/v2\/pages\/3838","targetHints":{"allow":["GET"]}}],"collection":[{"href":"https:\/\/avixi.be\/fr\/wp-json\/wp\/v2\/pages"}],"about":[{"href":"https:\/\/avixi.be\/fr\/wp-json\/wp\/v2\/types\/page"}],"author":[{"embeddable":true,"href":"https:\/\/avixi.be\/fr\/wp-json\/wp\/v2\/users\/1"}],"replies":[{"embeddable":true,"href":"https:\/\/avixi.be\/fr\/wp-json\/wp\/v2\/comments?post=3838"}],"version-history":[{"count":13,"href":"https:\/\/avixi.be\/fr\/wp-json\/wp\/v2\/pages\/3838\/revisions"}],"predecessor-version":[{"id":10590,"href":"https:\/\/avixi.be\/fr\/wp-json\/wp\/v2\/pages\/3838\/revisions\/10590"}],"up":[{"embeddable":true,"href":"https:\/\/avixi.be\/fr\/wp-json\/wp\/v2\/pages\/3834"}],"wp:attachment":[{"href":"https:\/\/avixi.be\/fr\/wp-json\/wp\/v2\/media?parent=3838"}],"curies":[{"name":"wp","href":"https:\/\/api.w.org\/{rel}","templated":true}]}}