{"id":3794,"date":"2021-12-23T16:46:47","date_gmt":"2021-12-23T15:46:47","guid":{"rendered":"https:\/\/staging.avixi.be\/?page_id=3794"},"modified":"2026-03-03T14:44:54","modified_gmt":"2026-03-03T13:44:54","slug":"conge-de-deuil-pour-travailleur-independants","status":"publish","type":"page","link":"https:\/\/avixi.be\/fr\/je-suis-independant\/evenement-ayant-un-impact-sur-mon-activite-ou-mon-statut\/conge-de-deuil-pour-travailleur-independants\/","title":{"rendered":"Cong\u00e9 de deuil pour travailleur ind\u00e9pendants"},"content":{"rendered":"<div class=\"fusion-fullwidth fullwidth-box fusion-builder-row-1 fusion-flex-container nonhundred-percent-fullwidth non-hundred-percent-height-scrolling\" style=\"--awb-border-radius-top-left:0px;--awb-border-radius-top-right:0px;--awb-border-radius-bottom-right:0px;--awb-border-radius-bottom-left:0px;--awb-flex-wrap:wrap;\" ><div class=\"fusion-builder-row fusion-row fusion-flex-align-items-flex-start fusion-flex-content-wrap\" style=\"max-width:1560px;margin-left: calc(-4% \/ 2 );margin-right: calc(-4% \/ 2 );\"><div class=\"fusion-layout-column fusion_builder_column fusion-builder-column-0 fusion_builder_column_3_4 3_4 fusion-flex-column\" style=\"--awb-bg-size:cover;--awb-width-large:75%;--awb-margin-top-large:0px;--awb-spacing-right-large:2.56%;--awb-margin-bottom-large:20px;--awb-spacing-left-large:2.56%;--awb-width-medium:75%;--awb-order-medium:0;--awb-spacing-right-medium:2.56%;--awb-spacing-left-medium:2.56%;--awb-width-small:100%;--awb-order-small:0;--awb-spacing-right-small:1.92%;--awb-spacing-left-small:1.92%;\"><div class=\"fusion-column-wrapper fusion-column-has-shadow fusion-flex-justify-content-flex-start fusion-content-layout-column\"><nav class=\"fusion-breadcrumbs fusion-breadcrumbs-1\" style=\"--awb-breadcrumb-sep:&#039;\/&#039;;\" aria-label=\"Breadcrumb\"><ol class=\"awb-breadcrumb-list\"><li class=\"fusion-breadcrumb-item awb-breadcrumb-sep awb-home\" ><a href=\"https:\/\/avixi.be\/fr\/\" class=\"fusion-breadcrumb-link\"><span >Home<\/span><\/a><\/li><\/ol><\/nav><div class=\"fusion-text fusion-text-1\"><h1 class=\"fusion-responsive-typography-calculated\" style=\"--fontsize: 36; line-height: 1.16; --fontSize:36; --minFontSize:36;\" data-fontsize=\"36\" data-lineheight=\"41.76px\">Cong\u00e9 de deuil pour travailleurs ind\u00e9pendants<\/h1>\n<hr>\n<p>Le cong\u00e9 de deuil est une allocation \u00e0 laquelle peuvent pr\u00e9tendre les ind\u00e9pendants qui interrompent leur activit\u00e9 ind\u00e9pendante \u00e0 la suite du d\u00e9c\u00e8s d&rsquo;un membre de leur famille dans un d\u00e9lai d&rsquo;un an apr\u00e8s le d\u00e9c\u00e8s.<\/p>\n<h2 data-fontsize=\"28\" data-lineheight=\"33.6px\" class=\"fusion-responsive-typography-calculated\" style=\"--fontSize:28; line-height: 1.2; --minFontSize:28;\">Quand pouvez-vous b\u00e9n\u00e9ficier de cet allocation ?<\/h2>\n<p>En raison du d\u00e9c\u00e8s :<\/p>\n<p style=\"padding-left: 40px;\">\u2022 du conjoint ou le partenaire cohabitant du travailleur ind\u00e9pendant<br \/>\n\u2022 de l&rsquo;enfant naturel ou l&rsquo;enfant adoptif du travailleur ind\u00e9pendant<br \/>\n\u2022 de l&rsquo;enfant naturel ou l&rsquo;enfant adoptif du conjoint ou du partenaire cohabitant du travailleur ind\u00e9pendant.<br \/>\n\u2022 de l&rsquo;enfant adoptif (placement familial de longue dur\u00e9e) du travailleur ind\u00e9pendant<br \/>\n\u2022 de l&rsquo;enfant recueilli (placement familial de longue dur\u00e9e) du conjoint ou du partenaire cohabitant du travailleur ind\u00e9pendant.<\/p>\n<p>Le d\u00e9c\u00e8s d&rsquo;autres membres de la famille ne donne pas droit \u00e0 l&rsquo;allocation de deuil.<\/p>\n<h2 data-fontsize=\"28\" data-lineheight=\"33.6px\" class=\"fusion-responsive-typography-calculated\" style=\"--fontSize:28; line-height: 1.2; --minFontSize:28;\">Qui a droit \u00e0 l&rsquo;allocation ?<\/h2>\n<p>Les ind\u00e9pendants suivants peuvent faire appel \u00e0 l&rsquo;allocation pour cong\u00e9 de deuil :<\/p>\n<ul>\n<li>les travailleurs ind\u00e9pendants et les aidants dans l&rsquo;activit\u00e9 principale (y compris les primo-starters)<\/li>\n<li>conjoints aidants(maxi-statut)<\/li>\n<li>les travailleurs ind\u00e9pendants exer\u00e7ant une activit\u00e9 compl\u00e9mentaire qui paient au moins la cotisation minimale d&rsquo;un travailleur ind\u00e9pendant \u00e0 titre principal<\/li>\n<li>les travailleurs ind\u00e9pendants qui ont atteint l&rsquo;\u00e2ge de la retraite et qui versent au moins la cotisation minimale d&rsquo;un travailleur ind\u00e9pendant \u00e0 titre principal<\/li>\n<\/ul>\n<p>Ils doivent avoir cette qualit\u00e9 pendant les deux trimestres pr\u00e9c\u00e9dant le trimestre du d\u00e9c\u00e8s, pendant le trimestre du d\u00e9c\u00e8s et pendant tous les trimestres pendant lesquels le travailleur ind\u00e9pendant interrompt son activit\u00e9 \u00e0 la suite du d\u00e9c\u00e8s.<br \/>\nCes travailleurs ind\u00e9pendants doivent \u00eatre en r\u00e8gle avec le paiement des cotisations sociales provisoires dues pour les deux trimestres pr\u00e9c\u00e9dant le trimestre du d\u00e9c\u00e8s.<\/p>\n<h2 data-fontsize=\"28\" data-lineheight=\"33.6px\" class=\"fusion-responsive-typography-calculated\" style=\"--fontSize:28; line-height: 1.2; --minFontSize:28;\">\u00c0 combien de jours de cong\u00e9 de deuil avez-vous droit ?<\/h2>\n<p>Le travailleur ind\u00e9pendant doit suspendre temporairement toute activit\u00e9 en son nom propre. Une diminution des prestations de travail n&rsquo;est pas prise en consideration. Une interruption temporaire ne signifie en aucun cas que le travailleur ind\u00e9pendant doit officiellement cesser son activit\u00e9 ind\u00e9pendante ; il ne doit pas d\u00e9missionner de son mandat, il ne doit pas supprimer son inscription aupr\u00e8s de la CBE, etc. Aucune cessation d&rsquo;activit\u00e9 ne doit \u00eatre enregistr\u00e9e. Il peut \u00e9galement se faire remplacer par un tiers pour exercer son activit\u00e9 ind\u00e9pendante. La preuve de l&rsquo;interruption se fait sur la base d&rsquo;une d\u00e9claration sur l&rsquo;honneur.<\/p>\n<p>La p\u00e9riode d&rsquo;interruption ne peut d\u00e9passer dix jours (pleins).<br \/>\nLes dix jours ne doivent pas n\u00e9cessairement \u00eatre pris cons\u00e9cutivement.<br \/>\nLa p\u00e9riode d&rsquo;interruption peut d\u00e9buter au plus t\u00f4t au jour du d\u00e9c\u00e8s et prend fin le dernier jour de l&rsquo;ann\u00e9e qui commence le jour qui suit le jour du d\u00e9c\u00e8s.<br \/>\nLa loi sur le cong\u00e9 de deuil pour les travailleurs ind\u00e9pendants est entr\u00e9e en vigueur le 25 juillet 2021. <\/p>\n<h2 data-fontsize=\"28\" data-lineheight=\"33.6px\" class=\"fusion-responsive-typography-calculated\" style=\"--fontSize:28; line-height: 1.2; --minFontSize:28;\">Quel est le montant de l&rsquo;allocation de deuil ?<\/h2>\n<p>Les demandes relatives \u00e0 la p\u00e9riode depuis le 1er mars 2026 donnent droit \u00e0 une prestation de 105,60 euros par jour.<\/p>\n<h2 data-fontsize=\"28\" data-lineheight=\"33.6px\" class=\"fusion-responsive-typography-calculated\" style=\"--fontSize:28; line-height: 1.2; --minFontSize:28;\">Comment demander un cong\u00e9 de deuil ?<\/h2>\n<p>D\u00e8s le 10 janvier 2022 vous pouvez faire une demande du Cong\u00e9 de deuil.  Remplissez le formulaire de demande, signez-le et renvoyez-le \u00e0 avixi d\u00e8s que possible, soit en le d\u00e9posant, soit en l&rsquo;envoyant par courrier recommand\u00e9.<br \/>\nLa demande doit \u00eatre faite au plus tard le dernier jour de l&rsquo;ann\u00e9e qui suit le d\u00e9c\u00e8s.<\/p>\n<p><a href=\"https:\/\/avixi.be\/wp-content\/uploads\/2021\/12\/Formulaire-de-demande-Allocation-de-deuil-04062024.pdf\" target=\"_blank\" rel=\"noopener noreferrer\">Formulaire de demande cong\u00e9 de deuil<\/a><\/p>\n<\/div><\/div><\/div><div class=\"fusion-layout-column fusion_builder_column fusion-builder-column-1 fusion_builder_column_1_4 1_4 fusion-flex-column\" style=\"--awb-bg-size:cover;--awb-width-large:25%;--awb-margin-top-large:0px;--awb-spacing-right-large:7.68%;--awb-margin-bottom-large:20px;--awb-spacing-left-large:7.68%;--awb-width-medium:25%;--awb-order-medium:0;--awb-spacing-right-medium:7.68%;--awb-spacing-left-medium:7.68%;--awb-width-small:100%;--awb-order-small:0;--awb-spacing-right-small:1.92%;--awb-spacing-left-small:1.92%;\"><div class=\"fusion-column-wrapper fusion-column-has-shadow fusion-flex-justify-content-flex-start fusion-content-layout-column\"><div class=\"fusion-image-element \" style=\"--awb-caption-title-font-family:var(--h2_typography-font-family);--awb-caption-title-font-weight:var(--h2_typography-font-weight);--awb-caption-title-font-style:var(--h2_typography-font-style);--awb-caption-title-size:var(--h2_typography-font-size);--awb-caption-title-transform:var(--h2_typography-text-transform);--awb-caption-title-line-height:var(--h2_typography-line-height);--awb-caption-title-letter-spacing:var(--h2_typography-letter-spacing);\"><span class=\" fusion-imageframe imageframe-none imageframe-1 hover-type-none\"><img loading=\"lazy\" decoding=\"async\" width=\"960\" height=\"640\" title=\"avaxi-8\" src=\"https:\/\/avixi.be\/wp-content\/uploads\/2021\/03\/avaxi-8-960x640.jpg\" alt class=\"img-responsive wp-image-4868\" srcset=\"https:\/\/avixi.be\/wp-content\/uploads\/2021\/03\/avaxi-8-200x133.jpg 200w, https:\/\/avixi.be\/wp-content\/uploads\/2021\/03\/avaxi-8-400x267.jpg 400w, https:\/\/avixi.be\/wp-content\/uploads\/2021\/03\/avaxi-8-600x400.jpg 600w, https:\/\/avixi.be\/wp-content\/uploads\/2021\/03\/avaxi-8-800x533.jpg 800w, https:\/\/avixi.be\/wp-content\/uploads\/2021\/03\/avaxi-8-1200x800.jpg 1200w, https:\/\/avixi.be\/wp-content\/uploads\/2021\/03\/avaxi-8.jpg 1920w\" sizes=\"auto, (max-width: 640px) 100vw, 400px\" \/><\/span><\/div><div class=\"fusion-separator fusion-full-width-sep\" style=\"align-self: center;margin-left: auto;margin-right: auto;margin-top:2rem;width:100%;\"><div class=\"fusion-separator-border sep-single\" style=\"--awb-height:20px;--awb-amount:20px;border-color:#def0f4;border-top-width:0px;\"><\/div><\/div><div class=\"fusion-text fusion-text-2\"><h3>Passer \u00e0 avixi?<\/h3>\n<p>Passer de votre caisse sociale actuel \u00e0 avixi? Simple &#8211;\u00a0 cliquer, compl\u00e9ter, signer et nous faisons le rest.<\/p>\n<\/div><div ><a class=\"fusion-button button-flat fusion-button-default-size button-default fusion-button-default button-1 fusion-button-default-span fusion-button-default-type\" target=\"_blank\" rel=\"noopener noreferrer\" href=\"https:\/\/avixi.be\/wp-content\/uploads\/2021\/03\/Formulaire-de-transfert-vers-avixi-independant-remplissable-25072024.pdf\"><span class=\"fusion-button-text awb-button__text awb-button__text--default\">Cliquer pour passer<\/span><i class=\"fa-angle-right fas awb-button__icon awb-button__icon--default button-icon-right\" aria-hidden=\"true\"><\/i><\/a><\/div><div class=\"fusion-separator fusion-full-width-sep\" style=\"align-self: center;margin-left: auto;margin-right: auto;margin-top:2rem;width:100%;\"><div class=\"fusion-separator-border sep-single\" style=\"--awb-height:20px;--awb-amount:20px;border-color:#def0f4;border-top-width:0px;\"><\/div><\/div><div class=\"fusion-text fusion-text-3\"><h3 class=\"\" style=\"--fontsize: 20; line-height: 1.2;\" data-fontsize=\"20\" data-lineheight=\"24px\">Document<\/h3>\n<ul>\n<li><a href=\"https:\/\/avixi.be\/wp-content\/uploads\/2021\/12\/Formulaire-de-demande-Allocation-de-deuil-04062024.pdf\" target=\"_blank\" rel=\"noopener noreferrer\">Formulaire de demande Cong\u00e9 de deuil<\/a><\/li>\n<li><a href=\"https:\/\/avixi.be\/wp-content\/uploads\/2021\/03\/2026-prestations-sociales-01032026.pdf\" target=\"_blank\" rel=\"noopener\">Bar\u00e8me prestations sociales<\/a><\/li>\n<\/ul>\n<\/div><div class=\"fusion-separator fusion-full-width-sep\" style=\"align-self: center;margin-left: auto;margin-right: auto;margin-top:2rem;width:100%;\"><div class=\"fusion-separator-border sep-single\" style=\"--awb-height:20px;--awb-amount:20px;border-color:#def0f4;border-top-width:0px;\"><\/div><\/div><div class=\"fusion-reading-box-container reading-box-container-1\" style=\"--awb-title-color:#002f47;--awb-margin-top:0px;--awb-margin-bottom:20px;\"><div class=\"reading-box\" style=\"background-color:#def2f2;border-width:0px;border-color:#f6f6f6;border-right-width:3px;border-right-color:var(--primary_color);border-style:solid;\"><a class=\"button fusion-button button-default fusion-button-default-size button-default-size button-flat fusion-desktop-button fusion-tagline-button continue fusion-desktop-button-margin continue-right\" style=\"-webkit-box-shadow:none;-moz-box-shadow:none;box-shadow:none;border-radius:50px 50px 50px 50px\" href=\"https:\/\/avixi.be\/fr\/contact\/\" target=\"_blank\" rel=\"noopener noreferrer\"><span>Contact<\/span><\/a><h2>Des questions?<\/h2><div class=\"reading-box-additional fusion-reading-box-additional\">\n<p>Prennez contact avec votre gestionnaire de relation client:<\/p>\n<p>Mechelen sur <strong>015 45 12 60<br \/><\/strong>Brugge sur <strong>050 40 65 65<br \/><\/strong>Hasselt sur <strong>011 22 27 46&nbsp;<\/strong>&nbsp; &nbsp; &nbsp;Bruxelles sur <strong>02 743 05 10<\/strong><\/p>\n<p>ou envoyez un e-mail \u00e0 <a href=\"mailto:info@avixi.be\">info@avixi.be<\/a>.<\/p>\n<p>&nbsp;<\/p>\n<\/div><div class=\"fusion-clearfix\"><\/div><a class=\"button fusion-button button-default fusion-button-default-size button-default-size button-flat fusion-mobile-button continue-right\" style=\"-webkit-box-shadow:none;-moz-box-shadow:none;box-shadow:none;border-radius:50px 50px 50px 50px\" href=\"https:\/\/avixi.be\/fr\/contact\/\" target=\"_blank\" rel=\"noopener noreferrer\"><span>Contact<\/span><\/a><\/div><\/div><\/div><\/div><\/div><\/div>\n","protected":false},"excerpt":{"rendered":"","protected":false},"author":1,"featured_media":0,"parent":3776,"menu_order":3,"comment_status":"closed","ping_status":"closed","template":"","meta":{"_acf_changed":false,"footnotes":""},"class_list":["post-3794","page","type-page","status-publish","hentry"],"acf":[],"_links":{"self":[{"href":"https:\/\/avixi.be\/fr\/wp-json\/wp\/v2\/pages\/3794","targetHints":{"allow":["GET"]}}],"collection":[{"href":"https:\/\/avixi.be\/fr\/wp-json\/wp\/v2\/pages"}],"about":[{"href":"https:\/\/avixi.be\/fr\/wp-json\/wp\/v2\/types\/page"}],"author":[{"embeddable":true,"href":"https:\/\/avixi.be\/fr\/wp-json\/wp\/v2\/users\/1"}],"replies":[{"embeddable":true,"href":"https:\/\/avixi.be\/fr\/wp-json\/wp\/v2\/comments?post=3794"}],"version-history":[{"count":28,"href":"https:\/\/avixi.be\/fr\/wp-json\/wp\/v2\/pages\/3794\/revisions"}],"predecessor-version":[{"id":11397,"href":"https:\/\/avixi.be\/fr\/wp-json\/wp\/v2\/pages\/3794\/revisions\/11397"}],"up":[{"embeddable":true,"href":"https:\/\/avixi.be\/fr\/wp-json\/wp\/v2\/pages\/3776"}],"wp:attachment":[{"href":"https:\/\/avixi.be\/fr\/wp-json\/wp\/v2\/media?parent=3794"}],"curies":[{"name":"wp","href":"https:\/\/api.w.org\/{rel}","templated":true}]}}