{"id":3333,"date":"2021-03-02T08:49:27","date_gmt":"2021-03-02T07:49:27","guid":{"rendered":"https:\/\/staging.avixi.be\/?page_id=3333"},"modified":"2023-08-16T13:00:47","modified_gmt":"2023-08-16T11:00:47","slug":"a-propos-davixi","status":"publish","type":"page","link":"https:\/\/avixi.be\/fr\/a-propos-de-nous\/a-propos-davixi\/","title":{"rendered":"Over avixi"},"content":{"rendered":"<div class=\"fusion-fullwidth fullwidth-box fusion-builder-row-1 fusion-flex-container nonhundred-percent-fullwidth non-hundred-percent-height-scrolling\" style=\"--awb-border-radius-top-left:0px;--awb-border-radius-top-right:0px;--awb-border-radius-bottom-right:0px;--awb-border-radius-bottom-left:0px;--awb-flex-wrap:wrap;\" ><div class=\"fusion-builder-row fusion-row fusion-flex-align-items-flex-start fusion-flex-content-wrap\" style=\"max-width:1560px;margin-left: calc(-4% \/ 2 );margin-right: calc(-4% \/ 2 );\"><div class=\"fusion-layout-column fusion_builder_column fusion-builder-column-0 fusion_builder_column_3_4 3_4 fusion-flex-column\" style=\"--awb-bg-size:cover;--awb-width-large:75%;--awb-margin-top-large:0px;--awb-spacing-right-large:2.56%;--awb-margin-bottom-large:20px;--awb-spacing-left-large:2.56%;--awb-width-medium:75%;--awb-order-medium:0;--awb-spacing-right-medium:2.56%;--awb-spacing-left-medium:2.56%;--awb-width-small:100%;--awb-order-small:0;--awb-spacing-right-small:1.92%;--awb-spacing-left-small:1.92%;\"><div class=\"fusion-column-wrapper fusion-column-has-shadow fusion-flex-justify-content-flex-start fusion-content-layout-column\"><nav class=\"fusion-breadcrumbs fusion-breadcrumbs-1\" style=\"--awb-breadcrumb-sep:&#039;\/&#039;;\" aria-label=\"Breadcrumb\"><ol class=\"awb-breadcrumb-list\"><li class=\"fusion-breadcrumb-item awb-breadcrumb-sep awb-home\" ><a href=\"https:\/\/avixi.be\/fr\/\" class=\"fusion-breadcrumb-link\"><span >Home<\/span><\/a><\/li><\/ol><\/nav><div class=\"fusion-text fusion-text-1\"><h1 data-fontsize=\"36\" style=\"--fontSize: 36; line-height: 1.16; --minFontSize: 36;\" data-lineheight=\"41.76px\" class=\"fusion-responsive-typography-calculated\">\u00c0 propos d&rsquo;avixi<\/h1>\n<hr>\n<p>Le 1<sup>er<\/sup> avril 2021, les caisses d\u2019assurances sociales Incozina et Multipen ont fusionn\u00e9. Avixi est le nouveau nom de notre caisse d\u2019assurances sociales.<\/p>\n<p>Avixi est une caisse d\u2019assurances sociales agr\u00e9\u00e9e par les pouvoirs publics qui accompagne les entrepreneurs, les ind\u00e9pendants et les titulaires d\u2019une profession lib\u00e9rale dans le d\u00e9marrage de leur activit\u00e9, leur s\u00e9curit\u00e9 sociale et leurs assurances compl\u00e9mentaires.<\/p>\n<p>Avixi \u0153uvre au d\u00e9veloppement d\u2019une caisse plus num\u00e9rique, mais avec un visage humain et un langage compr\u00e9hensible. Nos clients peuvent ainsi se concentrer sur ce qui est important pour eux : le d\u00e9marrage et le d\u00e9veloppement de leur activit\u00e9.<strong> <\/strong><\/p>\n<h2 data-fontsize=\"28\" style=\"--fontSize: 28; line-height: 1.2; --minFontSize: 28;\" data-lineheight=\"33.6px\" class=\"fusion-responsive-typography-calculated\">Avixi pr\u00e9sente plusieurs atouts exceptionnels:<\/h2>\n<ul>\n<li><strong>CONTACT PERSONNEL<\/strong> Nous fournissons des services aux ind\u00e9pendants, aux professions lib\u00e9rales et aux dirigeants de petites entreprises. Chez nous, nos gestionnaires de clients travaillent dans une petite entreprise. Nous ne travaillons pas avec des syst\u00e8mes de r\u00e9ponse vocale interactifs, de grands centres d\u2019appels ni des \u00e9quipes de service \u00e0 la client\u00e8le impersonnelles. D\u00e8s que vous \u00eates client(e) chez nous, un gestionnaire de clients vous est personnellement attribu\u00e9. Il\/Elle conna\u00eet votre dossier de A \u00e0 Z, et vous disposez de son num\u00e9ro de t\u00e9l\u00e9phone pour le\/la joindre directement au bureau.<\/li>\n<li><strong>EXCELLENTE PRESTATION DE SERVICES <\/strong>Nous n\u2019aimons pas les tracasseries administratives, tout comme vous. Nous nous concentrons donc sur ce qui est vraiment important. Et nous voulons le faire convenablement. Chez nous, vous ne payerez pas pour des campagnes publicitaires co\u00fbteuses \u00e0 la radio ni pour le parrainage de grands \u00e9v\u00e9nements. Nous investissons dans ce que vous jugez important, \u00e0 savoir une bonne prestation de services via nos gestionnaires de clients et nos outils en ligne.<\/li>\n<li><strong>RAPIDIT\u00c9<\/strong> Il n\u2019y a rien de plus ennuyeux que l\u2019attente. Dans nos bureaux, vous ne trouverez pas de piles de dossiers tra\u00eenant depuis des mois, vos demandes seront trait\u00e9es rapidement et correctement. Vous pouvez \u00e9galement compter sur nous pour un d\u00e9marrage rapide de votre entreprise. Un d\u00e9marrage que nous pouvons organiser facilement \u00e9tant donn\u00e9 que nous sommes nous-m\u00eames une petite entreprise o\u00f9 vous ne devez pas passer par diff\u00e9rents services traitant chacun une partie de votre dossier.<\/li>\n<li><strong>FLEXIBILIT\u00c9<\/strong> Une personne n\u2019est pas l\u2019autre et chaque situation est diff\u00e9rente. Nous avons donc rarement des solutions toutes pr\u00eates pour un probl\u00e8me sp\u00e9cifique. Mais nos nombreuses ann\u00e9es d\u2019exp\u00e9rience font que nos collaborateurs s\u2019adaptent rapidement \u00e0 votre situation.<\/li>\n<\/ul>\n<h2 data-fontsize=\"28\" style=\"--fontSize: 28; line-height: 1.2; --minFontSize: 28;\" data-lineheight=\"33.6px\" class=\"fusion-responsive-typography-calculated\">Avixi caisse d\u2019assurances sociales<\/h2>\n<p>Avixi caisse d\u2019assurances sociales g\u00e8re la s\u00e9curit\u00e9 sociale des ind\u00e9pendants, des chefs d\u2019entreprise et des professions lib\u00e9rales.<strong> <\/strong><\/p>\n<h3 data-fontsize=\"20\" style=\"--fontSize: 20; line-height: 1.2; --minFontSize: 20;\" data-lineheight=\"24px\" class=\"fusion-responsive-typography-calculated\">Que fait Avixi pour vous?<\/h3>\n<ul>\n<li>Nous<strong> vous affilions en tant qu\u2019ind\u00e9pendant(e)<\/strong> afin que vous soyez en r\u00e8gle du point de vue de votre s\u00e9curit\u00e9 sociale et de celle de votre famille.<\/li>\n<li>Nous affilions votre soci\u00e9t\u00e9 dans le cadre de la <strong>cotisation annuelle \u00e0 charge des soci\u00e9t\u00e9s<\/strong>.<\/li>\n<li>Nous g\u00e9rons <strong>tous les aspects de votre s\u00e9curit\u00e9 sociale<\/strong>, nous calculons et percevons chaque trimestre vos cotisations sociales.<\/li>\n<li>Nous vous <strong>informons<\/strong> r\u00e9guli\u00e8rement, dans un langage clair, sur <strong>vos droits sociaux et ceux de votre famille<\/strong> : assurance maladie, pension, aide \u00e0 la maternit\u00e9, droit passerelle et allocations familiales.<\/li>\n<li>Nous vous communiquons des <strong>informations<\/strong> sur les <strong>assurances compl\u00e9mentaires<\/strong> qui offrent une protection durant les p\u00e9riodes o\u00f9 les choses vont moins bien.<\/li>\n<li>Nous nous tenons \u00e0 votre disposition pour vous donner des <strong>conseils gratuits <\/strong>en vue d\u2019une <strong>protection sociale<\/strong> optimale.<\/li>\n<li>Vous disposez d\u2019un <strong>acc\u00e8s gratuit<\/strong> \u00e0 votre <strong>dossier en ligne<\/strong>.<\/li>\n<\/ul>\n<h3 data-fontsize=\"20\" style=\"--fontSize: 20; line-height: 1.2; --minFontSize: 20;\" data-lineheight=\"24px\" class=\"fusion-responsive-typography-calculated\">Que ne faisons-nous pas?<\/h3>\n<ul>\n<li>Avixi n\u2019est pas une mutuelle ni une caisse d\u2019assurance maladie, et nous ne sommes pas non plus une compagnie d\u2019assurances. Nous proposons par contre via notre partenaire Life Plan diverses assurances compl\u00e9mentaires \u00e0 votre statut l\u00e9gal de travailleur ind\u00e9pendant.<\/li>\n<li>Avixi g\u00e8re votre statut social, mais pas vos op\u00e9rations financi\u00e8res. Vous ferez appel pour cela \u00e0 un comptable ou expert-comptable.<\/li>\n<\/ul>\n<h3 data-fontsize=\"20\" style=\"--fontSize: 20; line-height: 1.2; --minFontSize: 20;\" data-lineheight=\"24px\" class=\"fusion-responsive-typography-calculated\">En quoi sommes-nous diff\u00e9rents?<\/h3>\n<p>Nos clients nous disent que notre approche est unique. Et ils citent les raisons suivantes :<\/p>\n<ul>\n<li>Chez Avixi, vous n\u2019\u00eates <strong>pas un num\u00e9ro<\/strong>. Un gestionnaire de clients vous est personnellement attribu\u00e9, et vous ne tombez jamais sur un centre d\u2019appels impersonnel o\u00f9 vous devez prendre un ticket et attendre votre tour.<\/li>\n<li>Chez Avixi, vous recevez une <strong>aide personnalis\u00e9e<\/strong>. Le gestionnaire de clients qui vous est attribu\u00e9 conna\u00eet parfaitement votre dossier et vous avez son num\u00e9ro de t\u00e9l\u00e9phone direct.<\/li>\n<li>Chez Avixi, vous b\u00e9n\u00e9ficiez de <strong>conseils sur mesure<\/strong>. Vous ne recevez pas de r\u00e9ponse standard, le gestionnaire de votre dossier cherche avec vous la solution la plus adapt\u00e9e \u00e0 votre situation.<\/li>\n<\/ul>\n<h2 data-fontsize=\"28\" style=\"--fontSize: 28; line-height: 1.2; --minFontSize: 28;\" data-lineheight=\"33.6px\" class=\"fusion-responsive-typography-calculated\">Avixi est l\u2019un des partenaires fondateurs du guichet d\u2019entreprise Eunomia.<\/h2>\n<h3 data-fontsize=\"20\" style=\"--fontSize: 20; line-height: 1.2; --minFontSize: 20;\" data-lineheight=\"24px\" class=\"fusion-responsive-typography-calculated\">Qu\u2019est-ce qu\u2019Eunomia fait pour toi ?<\/h3>\n<p>En tant que guichet d\u2019entreprise reconnu, Eunomia examine si vous r\u00e9pondez aux conditions l\u00e9gales pour d\u00e9marrer votre entreprise et Eunomia est l\u2019instance comp\u00e9tente pour organiser vos formalit\u00e9s de d\u00e9marrage :<\/p>\n<ul>\n<li>Votre num\u00e9ro d\u2019entreprise<\/li>\n<li>Les r\u00e8glements de localisation<\/li>\n<li>Tous les permis n\u00e9cessaires<\/li>\n<\/ul>\n<p>Le guichet d\u2019entreprises Eunomia r\u00e8gle pour vous les changements \u00e9ventuels :<\/p>\n<ul>\n<li>Nouvelle adresse<\/li>\n<li>Nouvelle raison sociale<\/li>\n<li>Adaptation des donn\u00e9es financi\u00e8res<\/li>\n<li>Modification\/\u00e9largissement de votre activit\u00e9 professionnelle<\/li>\n<li>Nouveau responsable prouvant la connaissance n\u00e9cessaire du m\u00e9tier ou les connaissances de gestion de base<\/li>\n<li>Lieu d\u2019\u00e9tablissement suppl\u00e9mentaire, \u00e9tablissement qui d\u00e9m\u00e9nage ou qui doit \u00eatre radi\u00e9<\/li>\n<li>Cessation de votre activit\u00e9<\/li>\n<li>Extrait de la Banque-Carrefour des Entreprises<\/li>\n<li>Nouvelle autorisation<\/li>\n<li>Nouvelle carte de commer\u00e7ant ambulant ou modification de la carte existante<\/li>\n<li>Modification\/Radiation de l\u2019immatriculation \u00e0 la TVA<\/li>\n<\/ul>\n<\/div><\/div><\/div><div class=\"fusion-layout-column fusion_builder_column fusion-builder-column-1 fusion_builder_column_1_4 1_4 fusion-flex-column\" style=\"--awb-bg-size:cover;--awb-width-large:25%;--awb-margin-top-large:0px;--awb-spacing-right-large:7.68%;--awb-margin-bottom-large:20px;--awb-spacing-left-large:7.68%;--awb-width-medium:25%;--awb-order-medium:0;--awb-spacing-right-medium:7.68%;--awb-spacing-left-medium:7.68%;--awb-width-small:100%;--awb-order-small:0;--awb-spacing-right-small:1.92%;--awb-spacing-left-small:1.92%;\"><div class=\"fusion-column-wrapper fusion-column-has-shadow fusion-flex-justify-content-flex-start fusion-content-layout-column\"><div class=\"fusion-image-element \" style=\"--awb-caption-title-font-family:var(--h2_typography-font-family);--awb-caption-title-font-weight:var(--h2_typography-font-weight);--awb-caption-title-font-style:var(--h2_typography-font-style);--awb-caption-title-size:var(--h2_typography-font-size);--awb-caption-title-transform:var(--h2_typography-text-transform);--awb-caption-title-line-height:var(--h2_typography-line-height);--awb-caption-title-letter-spacing:var(--h2_typography-letter-spacing);\"><span class=\" fusion-imageframe imageframe-none imageframe-1 hover-type-none\"><img loading=\"lazy\" decoding=\"async\" width=\"600\" height=\"400\" title=\"AVIXI_Brugge-40 voor OVER ONS\" src=\"https:\/\/avixi.be\/wp-content\/uploads\/2021\/03\/AVIXI_Brugge-40-voor-OVER-ONS-600x400.jpg\" alt class=\"img-responsive wp-image-5202\" srcset=\"https:\/\/avixi.be\/wp-content\/uploads\/2021\/03\/AVIXI_Brugge-40-voor-OVER-ONS-200x133.jpg 200w, https:\/\/avixi.be\/wp-content\/uploads\/2021\/03\/AVIXI_Brugge-40-voor-OVER-ONS-400x267.jpg 400w, https:\/\/avixi.be\/wp-content\/uploads\/2021\/03\/AVIXI_Brugge-40-voor-OVER-ONS-600x400.jpg 600w, https:\/\/avixi.be\/wp-content\/uploads\/2021\/03\/AVIXI_Brugge-40-voor-OVER-ONS-800x533.jpg 800w, https:\/\/avixi.be\/wp-content\/uploads\/2021\/03\/AVIXI_Brugge-40-voor-OVER-ONS-1200x800.jpg 1200w, https:\/\/avixi.be\/wp-content\/uploads\/2021\/03\/AVIXI_Brugge-40-voor-OVER-ONS-scaled.jpg 1920w\" sizes=\"auto, (max-width: 640px) 100vw, 400px\" \/><\/span><\/div><div class=\"fusion-separator fusion-full-width-sep\" style=\"align-self: center;margin-left: auto;margin-right: auto;margin-top:2rem;width:100%;\"><div class=\"fusion-separator-border sep-single\" style=\"--awb-height:20px;--awb-amount:20px;border-color:#def0f4;border-top-width:0px;\"><\/div><\/div><div class=\"fusion-separator fusion-full-width-sep\" style=\"align-self: center;margin-left: auto;margin-right: auto;margin-top:2rem;width:100%;\"><div class=\"fusion-separator-border sep-single\" style=\"--awb-height:20px;--awb-amount:20px;border-color:#def0f4;border-top-width:0px;\"><\/div><\/div><div class=\"fusion-reading-box-container reading-box-container-1\" style=\"--awb-title-color:#002f47;--awb-margin-top:0px;--awb-margin-bottom:20px;\"><div class=\"reading-box\" style=\"background-color:#def2f2;border-width:0px;border-color:#f6f6f6;border-right-width:3px;border-right-color:var(--primary_color);border-style:solid;\"><a class=\"button fusion-button button-default fusion-button-default-size button-default-size button-flat fusion-desktop-button fusion-tagline-button continue fusion-desktop-button-margin continue-right\" style=\"-webkit-box-shadow:none;-moz-box-shadow:none;box-shadow:none;border-radius:50px 50px 50px 50px\" href=\"https:\/\/avixi.be\/fr\/contact-ex-lentraide\/\" target=\"_blank\" rel=\"noopener noreferrer\"><span>Contact<\/span><\/a><h2>Des questions?<\/h2><div class=\"reading-box-additional fusion-reading-box-additional\">\n<p>avixi \u2013 ex-L\u2019Entraide \u2022 Rue Blanche 15 \u2022 B-1050 Ixelles \u2022 T 02 743 05 10 \u2022 info@avixi.be<\/p>\n<\/div><div class=\"fusion-clearfix\"><\/div><a class=\"button fusion-button button-default fusion-button-default-size button-default-size button-flat fusion-mobile-button continue-right\" style=\"-webkit-box-shadow:none;-moz-box-shadow:none;box-shadow:none;border-radius:50px 50px 50px 50px\" href=\"https:\/\/avixi.be\/fr\/contact-ex-lentraide\/\" target=\"_blank\" rel=\"noopener noreferrer\"><span>Contact<\/span><\/a><\/div><\/div><\/div><\/div>\n<\/div><\/div>\n","protected":false},"excerpt":{"rendered":"","protected":false},"author":1,"featured_media":0,"parent":5274,"menu_order":1,"comment_status":"closed","ping_status":"closed","template":"","meta":{"_acf_changed":false,"footnotes":""},"class_list":["post-3333","page","type-page","status-publish","hentry"],"acf":[],"_links":{"self":[{"href":"https:\/\/avixi.be\/fr\/wp-json\/wp\/v2\/pages\/3333","targetHints":{"allow":["GET"]}}],"collection":[{"href":"https:\/\/avixi.be\/fr\/wp-json\/wp\/v2\/pages"}],"about":[{"href":"https:\/\/avixi.be\/fr\/wp-json\/wp\/v2\/types\/page"}],"author":[{"embeddable":true,"href":"https:\/\/avixi.be\/fr\/wp-json\/wp\/v2\/users\/1"}],"replies":[{"embeddable":true,"href":"https:\/\/avixi.be\/fr\/wp-json\/wp\/v2\/comments?post=3333"}],"version-history":[{"count":6,"href":"https:\/\/avixi.be\/fr\/wp-json\/wp\/v2\/pages\/3333\/revisions"}],"predecessor-version":[{"id":9386,"href":"https:\/\/avixi.be\/fr\/wp-json\/wp\/v2\/pages\/3333\/revisions\/9386"}],"up":[{"embeddable":true,"href":"https:\/\/avixi.be\/fr\/wp-json\/wp\/v2\/pages\/5274"}],"wp:attachment":[{"href":"https:\/\/avixi.be\/fr\/wp-json\/wp\/v2\/media?parent=3333"}],"curies":[{"name":"wp","href":"https:\/\/api.w.org\/{rel}","templated":true}]}}